{"id":9290,"date":"2024-03-22T10:58:30","date_gmt":"2024-03-22T09:58:30","guid":{"rendered":"https:\/\/ikaivans.com\/?page_id=9290"},"modified":"2024-03-22T10:58:40","modified_gmt":"2024-03-22T09:58:40","slug":"location-de-camping-cars-en-espagne","status":"publish","type":"page","link":"https:\/\/ikaivans.com\/fr\/location-de-camping-cars-en-espagne\/","title":{"rendered":"Location de camping-cars en Espagne"},"content":{"rendered":"\n<p>Gipuzkoa est l&rsquo;une des trois provinces qui font partie d&rsquo;Euskadi (Pays Basque). Sa capitale est Madrid, et beaucoup d&rsquo;entre vous ont longtemps demand\u00e9 notre service de location de camping-cars en Espagne. Gr\u00e2ce \u00e0 la tradition des passionn\u00e9s de caravaning, cette activit\u00e9 a pris beaucoup d&rsquo;importance dans le pays ces derni\u00e8res ann\u00e9es. Si c&rsquo;est votre cas et que vous \u00eates tent\u00e9 par les voyages en camping-car, nous vous assurons qu&rsquo;avec IKAI VANS, vous pouvez louer un camping-car en Euskadi, au Pays Basque et en Espagne sans probl\u00e8me, tout compris et au meilleur prix. D\u00e9couvrez ce que \u00e7a fait de conduire un v\u00e9hicule pratiquement neuf, en parfait \u00e9tat et de grandes marques.<\/p>\n\n\n\n<p>Vous devez garder \u00e0 l&rsquo;esprit que venir du Pays Basque implique l&rsquo;acc\u00e8s \u00e0 toutes les fonctionnalit\u00e9s de notre location de camping-cars, sans distinction. Chez IKAI VANS, nous vous proposons une proposition de voyage libre, flexible et remplie d&rsquo;aventures \u00e0 vivre, seul ou accompagn\u00e9, avec les personnes que vous aimez le plus. Contactez-nous d\u00e8s maintenant (info@ikaivans.com ou +34 943 09 81 32) et rendez-vous dans nos installations \u00e0 Andoain (Balastrain, Matxinea 4, pavillon 9, 20140). Ou commencez \u00e0 planifier votre voyage sur le site Web complet que nous mettons \u00e0 votre disposition.<\/p>\n\n\n\n<p>Avant de prendre votre d\u00e9cision concernant la location d&rsquo;un camping-car, il est essentiel de prendre en compte notre large gamme de v\u00e9hicules disponibles. Nous disposons d&rsquo;une flotte diverse de camping-cars en stock, couvrant une vari\u00e9t\u00e9 de designs et de configurations. Ces v\u00e9hicules fonctionnent comme de vraies maisons sur roues et sont \u00e9quip\u00e9s de la technologie la plus avanc\u00e9e, d&rsquo;un design de pointe, de mesures de s\u00e9curit\u00e9 de pointe et de commodit\u00e9s exceptionnelles. Notre objectif est de vous assurer de profiter pleinement de vos vacances, quelle que soit votre destination, car c&rsquo;est l\u00e0 toute la magie du caravaning. Si vous optez pour l&rsquo;ind\u00e9pendance et l&rsquo;excitation lors de votre voyage, choisissez IKAI VANS. Nous vous offrons la possibilit\u00e9 de louer un camping-car pratiquement neuf, avec un kilom\u00e9trage minimal et de derni\u00e8re g\u00e9n\u00e9ration.<\/p>\n\n\n\n<h2 class=\"wp-block-heading\">Voyagez en camping-car de location depuis l&rsquo;Espagne \u00e0 travers le monde<\/h2>\n\n\n\n<p>Le secret du succ\u00e8s d&rsquo;un voyage en camping-car de location depuis l&rsquo;Espagne \u00e0 travers le monde r\u00e9side dans le v\u00e9hicule que vous louez avec nous. Nous mettons toujours \u00e0 votre disposition les meilleurs camping-cars du march\u00e9, de tailles plus petites ou plus grandes, avec une capacit\u00e9 maximale de 4 ou 6 personnes (la disponibilit\u00e9 est limit\u00e9e et varie dans le temps). Cela se traduit par des camping-cars pour 6 personnes, mais aussi par des vans am\u00e9nag\u00e9s pour 4 personnes.<\/p>\n\n\n\n<p>Peu importe que vous voyagiez seul ou accompagn\u00e9, avec des enfants ou sans eux, nous vous assurons que tous les v\u00e9hicules sont enti\u00e8rement \u00e9quip\u00e9s. Nous avons des chambres, une cuisine avec des comptoirs, des appareils \u00e9lectrom\u00e9nagers, des cuisini\u00e8res et d&rsquo;autres utilitaires, un salon, une salle de bain compl\u00e8te&#8230; Et tout cela est inclus dans le prix (consultez notre politique Tout Compris), ainsi que le chauffage, les panneaux solaires, les moustiquaires sur les lucarnes, les toits relevables, le GPS&#8230;<\/p>\n\n\n\n<p>Le meilleur de tout, chez IKAI VANS, nous vous offrons une s\u00e9rie d&rsquo;avantages exclusifs pour nos clients :<\/p>\n\n\n\n<p>&#8211; Assurance tous risques et assistance routi\u00e8re 24 heures sur 24, 7 jours sur 7.<\/p>\n\n\n\n<p>&#8211; Nous disposons d&rsquo;un parking s\u00e9curis\u00e9 et priv\u00e9. C&rsquo;est un moyen s\u00fbr et \u00e9conomique de laisser votre v\u00e9hicule entre les meilleures mains pendant que vous voyagez.<\/p>\n\n\n\n<p>&#8211; Nous venons vous chercher \u00e0 l&rsquo;a\u00e9roport si vous le demandez. Ce service est sur demande et vous devez le communiquer avant de r\u00e9cup\u00e9rer le camping-car.<\/p>\n\n\n\n<p>&#8211; Les camping-cars disposent du Wi-Fi sur demande avec une couverture dans toute l&rsquo;Europe. C&rsquo;est le meilleur moyen de rester connect\u00e9 lorsque vous voyagez, et m\u00eame de continuer \u00e0 travailler si c&rsquo;est votre cas.<\/p>\n\n\n\n<p>&#8211; Nous proposons un service d&rsquo;atelier et un service officiel Dometic, des attelages Aragon, towcar et Viesa\/Eurocolven.<\/p>\n\n\n\n<p>&#8211; Certaines des marques avec lesquelles nous collaborons chez IKAI VANS sont Ilusion Caravaning, Sunlight, Dethleff ou Challenger.<\/p>\n\n\n\n<h2 class=\"wp-block-heading\">Louez un camping-car en Espagne au meilleur prix avec IKAI VANS<\/h2>\n\n\n\n<p>Au-del\u00e0 de la location d&rsquo;un camping-car en Espagne ou d&rsquo;un van am\u00e9nag\u00e9 tr\u00e8s complet, nous voulons que vous profitiez du meilleur prix possible. Pour cette raison, nous proposons des tarifs \u00e0 partir de 100 euros par jour en basse saison, avec kilom\u00e9trage illimit\u00e9, assistance routi\u00e8re 24 heures sur 24, assurance voyage tous risques avec franchise r\u00e9duite et meilleur \u00e9quipement. Ne manquez pas l&rsquo;occasion de voyager \u00e0 travers le monde comme si vous \u00e9tiez chez vous, et nous vous assurons que vous ne reviendrez pas au mod\u00e8le de vacances traditionnel.<\/p>\n","protected":false},"excerpt":{"rendered":"<p>Gipuzkoa est l&rsquo;une des trois provinces qui font partie d&rsquo;Euskadi (Pays Basque). Sa capitale est Madrid, et beaucoup d&rsquo;entre vous ont longtemps demand\u00e9 notre service de location de camping-cars en Espagne. Gr\u00e2ce \u00e0 la tradition des passionn\u00e9s de caravaning, cette activit\u00e9 a pris beaucoup d&rsquo;importance dans le pays ces derni\u00e8res ann\u00e9es. Si c&rsquo;est votre cas [&hellip;]<\/p>\n","protected":false},"author":7,"featured_media":0,"parent":0,"menu_order":0,"comment_status":"closed","ping_status":"closed","template":"","meta":{"_acf_changed":false,"_joinchat":[],"footnotes":""},"class_list":["post-9290","page","type-page","status-publish","hentry"],"acf":[],"_links":{"self":[{"href":"https:\/\/ikaivans.com\/fr\/wp-json\/wp\/v2\/pages\/9290","targetHints":{"allow":["GET"]}}],"collection":[{"href":"https:\/\/ikaivans.com\/fr\/wp-json\/wp\/v2\/pages"}],"about":[{"href":"https:\/\/ikaivans.com\/fr\/wp-json\/wp\/v2\/types\/page"}],"author":[{"embeddable":true,"href":"https:\/\/ikaivans.com\/fr\/wp-json\/wp\/v2\/users\/7"}],"replies":[{"embeddable":true,"href":"https:\/\/ikaivans.com\/fr\/wp-json\/wp\/v2\/comments?post=9290"}],"version-history":[{"count":1,"href":"https:\/\/ikaivans.com\/fr\/wp-json\/wp\/v2\/pages\/9290\/revisions"}],"predecessor-version":[{"id":9291,"href":"https:\/\/ikaivans.com\/fr\/wp-json\/wp\/v2\/pages\/9290\/revisions\/9291"}],"wp:attachment":[{"href":"https:\/\/ikaivans.com\/fr\/wp-json\/wp\/v2\/media?parent=9290"}],"curies":[{"name":"wp","href":"https:\/\/api.w.org\/{rel}","templated":true}]}}