{"id":2481,"date":"2022-06-22T08:55:50","date_gmt":"2022-06-22T07:55:50","guid":{"rendered":"https:\/\/ikaivans.com\/services\/"},"modified":"2022-06-22T08:57:20","modified_gmt":"2022-06-22T07:57:20","slug":"services","status":"publish","type":"page","link":"https:\/\/ikaivans.com\/fr\/services\/","title":{"rendered":"Services"},"content":{"rendered":"\t\t<div data-elementor-type=\"wp-page\" data-elementor-id=\"2481\" class=\"elementor elementor-2481 elementor-49\" data-elementor-post-type=\"page\">\n\t\t\t\t\t\t<section class=\"elementor-section elementor-top-section elementor-element elementor-element-3abdbd4 elementor-section-full_width qodef-elementor-content-grid elementor-section-height-default elementor-section-height-default magic-button-disabled-no\" data-id=\"3abdbd4\" data-element_type=\"section\" data-e-type=\"section\" data-settings=\"{&quot;background_background&quot;:&quot;classic&quot;}\">\n\t\t\t\t\t\t<div class=\"elementor-container elementor-column-gap-default\">\n\t\t\t\t\t<div class=\"elementor-column elementor-col-100 elementor-top-column elementor-element elementor-element-8c8da06\" data-id=\"8c8da06\" data-element_type=\"column\" data-e-type=\"column\">\n\t\t\t<div class=\"elementor-widget-wrap elementor-element-populated\">\n\t\t\t\t\t\t<div class=\"elementor-element elementor-element-baf04ac elementor-widget elementor-widget-kamperen_core_section_title\" data-id=\"baf04ac\" data-element_type=\"widget\" data-e-type=\"widget\" data-widget_type=\"kamperen_core_section_title.default\">\n\t\t\t\t<div class=\"elementor-widget-container\">\n\t\t\t\t\t<div class=\"qodef-shortcode qodef-m qodef-section-title qodef-alignment--center\">\n\t\t<div class=\"qodef-m-tagline-mark\" >\n\t\tServices\t<\/div>\n\t\t\t<p class=\"qodef-m-text\" >Votre v\u00e9hicule est sp\u00e9cial parce qu&#039;il est aussi votre maison \u00e0 roulettes. Tous les \u00e9l\u00e9ments qui le rendent exclusif pour cette fonction doivent \u00eatre pr\u00e9par\u00e9s pour quand vous \u00eates sur la route. Si vous avez besoin d&#039;effectuer des r\u00e9parations ou de nouvelles installations, n&#039;h\u00e9sitez pas \u00e0 nous contacter.<\/p>\n<\/div>\n\t\t\t\t<\/div>\n\t\t\t\t<\/div>\n\t\t\t\t\t<\/div>\n\t\t<\/div>\n\t\t\t\t\t<\/div>\n\t\t<\/section>\n\t\t\t\t<section class=\"elementor-section elementor-top-section elementor-element elementor-element-ed5e87c elementor-section-boxed elementor-section-height-default elementor-section-height-default magic-button-disabled-no qodef-elementor-content-no\" data-id=\"ed5e87c\" data-element_type=\"section\" data-e-type=\"section\">\n\t\t\t\t\t\t<div class=\"elementor-container elementor-column-gap-default\">\n\t\t\t\t\t<div class=\"elementor-column elementor-col-33 elementor-top-column elementor-element elementor-element-8c6e0de\" data-id=\"8c6e0de\" data-element_type=\"column\" data-e-type=\"column\">\n\t\t\t<div class=\"elementor-widget-wrap elementor-element-populated\">\n\t\t\t\t\t\t<div class=\"elementor-element elementor-element-faaa7f1 elementor-widget elementor-widget-kamperen_core_icon_with_text\" data-id=\"faaa7f1\" data-element_type=\"widget\" data-e-type=\"widget\" data-widget_type=\"kamperen_core_icon_with_text.default\">\n\t\t\t\t<div class=\"elementor-widget-container\">\n\t\t\t\t\t<div\nclass=\"qodef-shortcode qodef-m qodef-icon-with-text qodef-layout--before-title qodef--custom-svg\">\n\t<div class=\"qodef-m-content\">\n\t\t\t<div class=\"qodef-m-svg\">\n\t\t<?xml version=\"1.0\" encoding=\"utf-8\"?>\n<!-- Generator: Adobe Illustrator 25.4.1, SVG Export Plug-In . SVG Version: 6.00 Build 0)  -->\n<svg version=\"1.1\" id=\"Capa_1\" xmlns=\"http:\/\/www.w3.org\/2000\/svg\" xmlns:xlink=\"http:\/\/www.w3.org\/1999\/xlink\" x=\"0px\" y=\"0px\"\n\t viewBox=\"0 0 24 24\" style=\"enable-background:new 0 0 24 24;\" xml:space=\"preserve\">\n<style type=\"text\/css\">\n\t.st0{fill:none;stroke:#3E3E3E;stroke-width:0.25;stroke-miterlimit:10;}\n<\/style>\n<path class=\"st0\" d=\"M7.9,3L6.5,5.2l1.4,2.2h0l-2,3.1L4.2,9.6l1.4-2.2L4.2,5.2l2-3.1L7.9,3 M13.9,2.9l-1.4,2.2l1.4,2.2l0,0l-2,3.1\n\tl-1.7-0.9l1.4-2.2l-1.4-2.2l2-3.1L13.9,2.9 M20,2.9l-1.4,2.2L20,7.3v0l-2,3.1l-1.8-0.9l1.4-2.2l-1.4-2.2l2-3.1L20,2.9 M2,22v-8\n\tc0-1.1,0.9-2,2-2h16c1.1,0,2,0.9,2,2v8h-2v-2H4v2H2 M6,14c-0.6,0-1,0.4-1,1v2c0,0.6,0.4,1,1,1s1-0.4,1-1v-2C7,14.4,6.6,14,6,14\n\t M10,14c-0.6,0-1,0.4-1,1v2c0,0.6,0.4,1,1,1s1-0.4,1-1v-2C11,14.4,10.6,14,10,14 M14,14c-0.6,0-1,0.4-1,1v2c0,0.6,0.4,1,1,1\n\ts1-0.4,1-1v-2C15,14.4,14.6,14,14,14 M18,14c-0.6,0-1,0.4-1,1v2c0,0.6,0.4,1,1,1s1-0.4,1-1v-2C19,14.4,18.6,14,18,14z\"\/>\n<\/svg>\t<\/div>\n\t\t\t\t\t<\/div>\n<\/div>\n\t\t\t\t<\/div>\n\t\t\t\t<\/div>\n\t\t\t\t<div class=\"elementor-element elementor-element-6f9d220 elementor-widget elementor-widget-heading\" data-id=\"6f9d220\" data-element_type=\"widget\" data-e-type=\"widget\" data-widget_type=\"heading.default\">\n\t\t\t\t<div class=\"elementor-widget-container\">\n\t\t\t\t\t<h4 class=\"elementor-heading-title elementor-size-default\">Chauffage<\/h4>\t\t\t\t<\/div>\n\t\t\t\t<\/div>\n\t\t\t\t\t<\/div>\n\t\t<\/div>\n\t\t\t\t<div class=\"elementor-column elementor-col-33 elementor-top-column elementor-element elementor-element-3bf45cc\" data-id=\"3bf45cc\" data-element_type=\"column\" data-e-type=\"column\">\n\t\t\t<div class=\"elementor-widget-wrap elementor-element-populated\">\n\t\t\t\t\t\t<div class=\"elementor-element elementor-element-c960a72 elementor-widget elementor-widget-kamperen_core_icon_with_text\" data-id=\"c960a72\" data-element_type=\"widget\" data-e-type=\"widget\" data-widget_type=\"kamperen_core_icon_with_text.default\">\n\t\t\t\t<div class=\"elementor-widget-container\">\n\t\t\t\t\t<div\nclass=\"qodef-shortcode qodef-m qodef-icon-with-text qodef-layout--before-title qodef--custom-svg\">\n\t<div class=\"qodef-m-content\">\n\t\t\t<div class=\"qodef-m-svg\">\n\t\t<?xml version=\"1.0\" encoding=\"utf-8\"?>\n<!-- Generator: Adobe Illustrator 25.4.1, SVG Export Plug-In . SVG Version: 6.00 Build 0)  -->\n<svg version=\"1.1\" id=\"Capa_1\" xmlns=\"http:\/\/www.w3.org\/2000\/svg\" xmlns:xlink=\"http:\/\/www.w3.org\/1999\/xlink\" x=\"0px\" y=\"0px\"\n\t viewBox=\"0 0 24 24\" style=\"enable-background:new 0 0 24 24;\" xml:space=\"preserve\">\n<style type=\"text\/css\">\n\t.st0{fill:none;stroke:#000000;stroke-width:0.25;stroke-miterlimit:10;}\n<\/style>\n<path class=\"st0\" d=\"M11.4,2v3.6L15,3.8L11.4,2 M10.4,8L8,10.5l3.8,1.2L10.4,8 M2,11.4L3.8,15l1.8-3.6H2 M10,2H2v8\n\tc0.6,0.2,1.2,0.2,1.8,0.2c3.6,0,6.5-2.9,6.5-6.5C10.3,3.2,10.2,2.6,10,2 M17,22v-6h-3l5-9v6h3L17,22z\"\/>\n<\/svg>\t<\/div>\n\t\t\t\t\t<\/div>\n<\/div>\n\t\t\t\t<\/div>\n\t\t\t\t<\/div>\n\t\t\t\t<div class=\"elementor-element elementor-element-c422e76 elementor-widget elementor-widget-heading\" data-id=\"c422e76\" data-element_type=\"widget\" data-e-type=\"widget\" data-widget_type=\"heading.default\">\n\t\t\t\t<div class=\"elementor-widget-container\">\n\t\t\t\t\t<h4 class=\"elementor-heading-title elementor-size-default\">Panneau solaire<\/h4>\t\t\t\t<\/div>\n\t\t\t\t<\/div>\n\t\t\t\t\t<\/div>\n\t\t<\/div>\n\t\t\t\t<div class=\"elementor-column elementor-col-33 elementor-top-column elementor-element elementor-element-b2942ec\" data-id=\"b2942ec\" data-element_type=\"column\" data-e-type=\"column\">\n\t\t\t<div class=\"elementor-widget-wrap elementor-element-populated\">\n\t\t\t\t\t\t<div class=\"elementor-element elementor-element-58b371d elementor-widget elementor-widget-kamperen_core_icon_with_text\" data-id=\"58b371d\" data-element_type=\"widget\" data-e-type=\"widget\" data-widget_type=\"kamperen_core_icon_with_text.default\">\n\t\t\t\t<div class=\"elementor-widget-container\">\n\t\t\t\t\t<div\nclass=\"qodef-shortcode qodef-m qodef-icon-with-text qodef-layout--before-title qodef--custom-svg\">\n\t<div class=\"qodef-m-content\">\n\t\t\t<div class=\"qodef-m-svg\">\n\t\t<?xml version=\"1.0\" encoding=\"utf-8\"?>\n<!-- Generator: Adobe Illustrator 25.4.1, SVG Export Plug-In . SVG Version: 6.00 Build 0)  -->\n<svg version=\"1.1\" id=\"Capa_1\" xmlns=\"http:\/\/www.w3.org\/2000\/svg\" xmlns:xlink=\"http:\/\/www.w3.org\/1999\/xlink\" x=\"0px\" y=\"0px\"\n\t viewBox=\"0 0 24 24\" style=\"enable-background:new 0 0 24 24;\" xml:space=\"preserve\">\n<style type=\"text\/css\">\n\t.st0{fill:none;stroke:#3E3E3E;stroke-width:0.25;stroke-miterlimit:10;}\n<\/style>\n<path class=\"st0\" d=\"M11,18v-4H9v-4h2V6H4v12H11 M13,6v12h7V6H13 M2,18V6c0-1.1,0.9-2,2-2h16c1.1,0,2,0.9,2,2v12c0,1.1-0.9,2-2,2H4\n\tC2.9,20,2,19.1,2,18z\"\/>\n<\/svg>\t<\/div>\n\t\t\t\t\t<\/div>\n<\/div>\n\t\t\t\t<\/div>\n\t\t\t\t<\/div>\n\t\t\t\t<div class=\"elementor-element elementor-element-b5dfddb elementor-widget elementor-widget-heading\" data-id=\"b5dfddb\" data-element_type=\"widget\" data-e-type=\"widget\" data-widget_type=\"heading.default\">\n\t\t\t\t<div class=\"elementor-widget-container\">\n\t\t\t\t\t<h4 class=\"elementor-heading-title elementor-size-default\">Fen\u00eatres et lucarnes<\/h4>\t\t\t\t<\/div>\n\t\t\t\t<\/div>\n\t\t\t\t\t<\/div>\n\t\t<\/div>\n\t\t\t\t\t<\/div>\n\t\t<\/section>\n\t\t\t\t<section class=\"elementor-section elementor-top-section elementor-element elementor-element-e9a5ed7 elementor-section-boxed elementor-section-height-default elementor-section-height-default magic-button-disabled-no qodef-elementor-content-no\" data-id=\"e9a5ed7\" data-element_type=\"section\" data-e-type=\"section\">\n\t\t\t\t\t\t<div class=\"elementor-container elementor-column-gap-default\">\n\t\t\t\t\t<div class=\"elementor-column elementor-col-33 elementor-top-column elementor-element elementor-element-54eb230\" data-id=\"54eb230\" data-element_type=\"column\" data-e-type=\"column\">\n\t\t\t<div class=\"elementor-widget-wrap elementor-element-populated\">\n\t\t\t\t\t\t<div class=\"elementor-element elementor-element-24a9a23 elementor-widget elementor-widget-kamperen_core_icon_with_text\" data-id=\"24a9a23\" data-element_type=\"widget\" data-e-type=\"widget\" data-widget_type=\"kamperen_core_icon_with_text.default\">\n\t\t\t\t<div class=\"elementor-widget-container\">\n\t\t\t\t\t<div\nclass=\"qodef-shortcode qodef-m qodef-icon-with-text qodef-layout--before-title qodef--custom-svg\">\n\t<div class=\"qodef-m-content\">\n\t\t\t<div class=\"qodef-m-svg\">\n\t\t<?xml version=\"1.0\" encoding=\"utf-8\"?>\n<!-- Generator: Adobe Illustrator 25.4.1, SVG Export Plug-In . SVG Version: 6.00 Build 0)  -->\n<svg version=\"1.1\" id=\"Capa_1\" xmlns=\"http:\/\/www.w3.org\/2000\/svg\" xmlns:xlink=\"http:\/\/www.w3.org\/1999\/xlink\" x=\"0px\" y=\"0px\"\n\t viewBox=\"0 0 24 24\" style=\"enable-background:new 0 0 24 24;\" xml:space=\"preserve\">\n<style type=\"text\/css\">\n\t.st0{fill:none;stroke:#000000;stroke-width:0.2915;stroke-miterlimit:10;}\n<\/style>\n<path class=\"st0\" d=\"M17.4,9v5v6c0,1.1-1.2,2-2.7,2H9.3c-1.5,0-2.7-0.9-2.7-2v-6V9c0-1.9,1.7-3.4,4.1-3.9V4H7.9V2h8.2v2h-2.7v1.1\n\tC15.7,5.6,17.4,7.1,17.4,9z\"\/>\n<g>\n\t<path d=\"M11.1,13.1c-0.2,0.1-0.5,0.1-0.8,0.1c-0.4,0-0.7-0.1-1-0.4c-0.2-0.2-0.4-0.6-0.4-1c0-0.8,0.6-1.4,1.5-1.4\n\t\tc0.3,0,0.6,0.1,0.7,0.1l-0.1,0.3c-0.1-0.1-0.3-0.1-0.6-0.1c-0.7,0-1.1,0.4-1.1,1.1c0,0.7,0.4,1.1,1,1.1c0.2,0,0.4,0,0.5-0.1V12\n\t\th-0.5v-0.3h0.9V13.1z\"\/>\n\t<path d=\"M11.6,10.5h0.3v2.4h1.2v0.3h-1.5V10.5z\"\/>\n\t<path d=\"M13.5,10.5c0.2,0,0.4-0.1,0.7-0.1c0.3,0,0.6,0.1,0.8,0.2c0.1,0.1,0.2,0.3,0.2,0.6c0,0.2-0.1,0.4-0.2,0.6\n\t\tc-0.2,0.2-0.5,0.3-0.8,0.3c-0.1,0-0.2,0-0.3,0v1.1h-0.3V10.5z M13.8,11.8c0.1,0,0.2,0,0.3,0c0.4,0,0.7-0.2,0.7-0.6\n\t\tc0-0.4-0.3-0.5-0.6-0.5c-0.2,0-0.3,0-0.3,0V11.8z\"\/>\n<\/g>\n<\/svg>\t<\/div>\n\t\t\t\t\t<\/div>\n<\/div>\n\t\t\t\t<\/div>\n\t\t\t\t<\/div>\n\t\t\t\t<div class=\"elementor-element elementor-element-52531c6 elementor-widget elementor-widget-heading\" data-id=\"52531c6\" data-element_type=\"widget\" data-e-type=\"widget\" data-widget_type=\"heading.default\">\n\t\t\t\t<div class=\"elementor-widget-container\">\n\t\t\t\t\t<h4 class=\"elementor-heading-title elementor-size-default\">GLP<\/h4>\t\t\t\t<\/div>\n\t\t\t\t<\/div>\n\t\t\t\t\t<\/div>\n\t\t<\/div>\n\t\t\t\t<div class=\"elementor-column elementor-col-33 elementor-top-column elementor-element elementor-element-4c5402d\" data-id=\"4c5402d\" data-element_type=\"column\" data-e-type=\"column\">\n\t\t\t<div class=\"elementor-widget-wrap elementor-element-populated\">\n\t\t\t\t\t\t<div class=\"elementor-element elementor-element-1f3e0cd elementor-widget elementor-widget-kamperen_core_icon_with_text\" data-id=\"1f3e0cd\" data-element_type=\"widget\" data-e-type=\"widget\" data-widget_type=\"kamperen_core_icon_with_text.default\">\n\t\t\t\t<div class=\"elementor-widget-container\">\n\t\t\t\t\t<div\nclass=\"qodef-shortcode qodef-m qodef-icon-with-text qodef-layout--before-title qodef--custom-svg\">\n\t<div class=\"qodef-m-content\">\n\t\t\t<div class=\"qodef-m-svg\">\n\t\t<?xml version=\"1.0\" encoding=\"utf-8\"?>\n<!-- Generator: Adobe Illustrator 25.4.1, SVG Export Plug-In . SVG Version: 6.00 Build 0)  -->\n<svg version=\"1.1\" id=\"Capa_1\" xmlns=\"http:\/\/www.w3.org\/2000\/svg\" xmlns:xlink=\"http:\/\/www.w3.org\/1999\/xlink\" x=\"0px\" y=\"0px\"\n\t viewBox=\"0 0 24 24\" style=\"enable-background:new 0 0 24 24;\" xml:space=\"preserve\">\n<style type=\"text\/css\">\n\t.st0{fill:none;stroke:#000000;stroke-width:0.25;stroke-miterlimit:10;}\n\t.st1{fill:#CCCCCC;stroke:#000000;stroke-width:0.2444;stroke-miterlimit:10;}\n<\/style>\n<path class=\"st0\" d=\"M3,7C1.9,7,1,7.9,1,9v8h2c0,1.7,1.3,3,3,3s3-1.3,3-3h6c0,1.7,1.3,3,3,3s3-1.3,3-3h2v-4c0-1.1-0.9-2-2-2l-3-4H3\n\t M3,8.5h4V11H3V8.5 M9,8.5h4V11H9V8.5 M15,8.5h2.5l2,2.5H15V8.5 M6,15.5c0.8,0,1.5,0.7,1.5,1.5S6.8,18.5,6,18.5S4.5,17.8,4.5,17\n\tS5.2,15.5,6,15.5 M18,15.5c0.8,0,1.5,0.7,1.5,1.5s-0.7,1.5-1.5,1.5s-1.5-0.7-1.5-1.5S17.2,15.5,18,15.5z\"\/>\n<polygon class=\"st1\" points=\"18,2.1 3,6.9 18,7 \"\/>\n<\/svg>\n\t<\/div>\n\t\t\t\t\t<\/div>\n<\/div>\n\t\t\t\t<\/div>\n\t\t\t\t<\/div>\n\t\t\t\t<div class=\"elementor-element elementor-element-9c53c33 elementor-widget elementor-widget-heading\" data-id=\"9c53c33\" data-element_type=\"widget\" data-e-type=\"widget\" data-widget_type=\"heading.default\">\n\t\t\t\t<div class=\"elementor-widget-container\">\n\t\t\t\t\t<h4 class=\"elementor-heading-title elementor-size-default\">Toit relevable<\/h4>\t\t\t\t<\/div>\n\t\t\t\t<\/div>\n\t\t\t\t\t<\/div>\n\t\t<\/div>\n\t\t\t\t<div class=\"elementor-column elementor-col-33 elementor-top-column elementor-element elementor-element-4a55a70\" data-id=\"4a55a70\" data-element_type=\"column\" data-e-type=\"column\">\n\t\t\t<div class=\"elementor-widget-wrap elementor-element-populated\">\n\t\t\t\t\t\t<div class=\"elementor-element elementor-element-4acfc5f elementor-widget elementor-widget-kamperen_core_icon_with_text\" data-id=\"4acfc5f\" data-element_type=\"widget\" data-e-type=\"widget\" data-widget_type=\"kamperen_core_icon_with_text.default\">\n\t\t\t\t<div class=\"elementor-widget-container\">\n\t\t\t\t\t<div\nclass=\"qodef-shortcode qodef-m qodef-icon-with-text qodef-layout--before-title qodef--custom-svg\">\n\t<div class=\"qodef-m-content\">\n\t\t\t<div class=\"qodef-m-svg\">\n\t\t<?xml version=\"1.0\" encoding=\"utf-8\"?>\n<!-- Generator: Adobe Illustrator 25.4.1, SVG Export Plug-In . SVG Version: 6.00 Build 0)  -->\n<svg version=\"1.1\" id=\"Capa_1\" xmlns=\"http:\/\/www.w3.org\/2000\/svg\" xmlns:xlink=\"http:\/\/www.w3.org\/1999\/xlink\" x=\"0px\" y=\"0px\"\n\t viewBox=\"0 0 24 24\" style=\"enable-background:new 0 0 24 24;\" xml:space=\"preserve\">\n<style type=\"text\/css\">\n\t.st0{fill:none;stroke:#3E3E3E;stroke-width:0.25;stroke-miterlimit:10;}\n<\/style>\n<path class=\"st0\" d=\"M11,18v-4H9v-4h2V6H4v12H11 M13,6v12h7V6H13 M2,18V6c0-1.1,0.9-2,2-2h16c1.1,0,2,0.9,2,2v12c0,1.1-0.9,2-2,2H4\n\tC2.9,20,2,19.1,2,18z\"\/>\n<\/svg>\t<\/div>\n\t\t\t\t\t<\/div>\n<\/div>\n\t\t\t\t<\/div>\n\t\t\t\t<\/div>\n\t\t\t\t<div class=\"elementor-element elementor-element-7f9d2d5 elementor-widget elementor-widget-heading\" data-id=\"7f9d2d5\" data-element_type=\"widget\" data-e-type=\"widget\" data-widget_type=\"heading.default\">\n\t\t\t\t<div class=\"elementor-widget-container\">\n\t\t\t\t\t<h4 class=\"elementor-heading-title elementor-size-default\">Camping-car sur mesure<\/h4>\t\t\t\t<\/div>\n\t\t\t\t<\/div>\n\t\t\t\t\t<\/div>\n\t\t<\/div>\n\t\t\t\t\t<\/div>\n\t\t<\/section>\n\t\t\t\t<\/div>\n\t\t","protected":false},"excerpt":{"rendered":"<p>Services Votre v\u00e9hicule est sp\u00e9cial parce qu&#039;il est aussi votre maison \u00e0 roulettes. Tous les \u00e9l\u00e9ments qui le rendent exclusif pour cette fonction doivent \u00eatre pr\u00e9par\u00e9s pour quand vous \u00eates sur la route. Si vous avez besoin d&#039;effectuer des r\u00e9parations ou de nouvelles installations, n&#039;h\u00e9sitez pas \u00e0 nous contacter. Chauffage Panneau solaire Fen\u00eatres et lucarnes [&hellip;]<\/p>\n","protected":false},"author":30,"featured_media":0,"parent":0,"menu_order":0,"comment_status":"closed","ping_status":"closed","template":"","meta":{"_acf_changed":false,"_joinchat":[],"footnotes":""},"class_list":["post-2481","page","type-page","status-publish","hentry"],"acf":[],"_links":{"self":[{"href":"https:\/\/ikaivans.com\/fr\/wp-json\/wp\/v2\/pages\/2481","targetHints":{"allow":["GET"]}}],"collection":[{"href":"https:\/\/ikaivans.com\/fr\/wp-json\/wp\/v2\/pages"}],"about":[{"href":"https:\/\/ikaivans.com\/fr\/wp-json\/wp\/v2\/types\/page"}],"author":[{"embeddable":true,"href":"https:\/\/ikaivans.com\/fr\/wp-json\/wp\/v2\/users\/30"}],"replies":[{"embeddable":true,"href":"https:\/\/ikaivans.com\/fr\/wp-json\/wp\/v2\/comments?post=2481"}],"version-history":[{"count":0,"href":"https:\/\/ikaivans.com\/fr\/wp-json\/wp\/v2\/pages\/2481\/revisions"}],"wp:attachment":[{"href":"https:\/\/ikaivans.com\/fr\/wp-json\/wp\/v2\/media?parent=2481"}],"curies":[{"name":"wp","href":"https:\/\/api.w.org\/{rel}","templated":true}]}}