{"id":9969,"date":"2024-04-12T10:58:04","date_gmt":"2024-04-12T08:58:04","guid":{"rendered":"https:\/\/ikaivans.com\/producto\/ilusion-xmk-590-premium-autocaravana\/"},"modified":"2024-05-07T18:15:55","modified_gmt":"2024-05-07T16:15:55","slug":"ilusion-xmk-590-premium-autocaravana","status":"publish","type":"product","link":"https:\/\/ikaivans.com\/eu\/producto\/ilusion-xmk-590-premium-autocaravana\/","title":{"rendered":"XMK590 PREMIUM"},"content":{"rendered":"<div>\n<p><strong>Ilusion XMK 590 Premium,\u00a0<\/strong>la autocaravana m\u00e1s peque\u00f1a y compacta de Ilusion pero con un acabado y unos detalles que la hacen \u00fanica.<\/p>\n<\/div>\n<div><img fetchpriority=\"high\" decoding=\"async\" class=\"wp-image-9938 size-large aligncenter\" src=\"https:\/\/ikaivans.com\/wp-content\/uploads\/ICONOS-590-PREMIUM-DATOS-TECNICOS-1024x125.png\" alt=\"\" width=\"1024\" height=\"125\" srcset=\"https:\/\/ikaivans.com\/wp-content\/uploads\/ICONOS-590-PREMIUM-DATOS-TECNICOS-1024x125.png 1024w, https:\/\/ikaivans.com\/wp-content\/uploads\/ICONOS-590-PREMIUM-DATOS-TECNICOS-300x37.png 300w, https:\/\/ikaivans.com\/wp-content\/uploads\/ICONOS-590-PREMIUM-DATOS-TECNICOS-768x94.png 768w, https:\/\/ikaivans.com\/wp-content\/uploads\/ICONOS-590-PREMIUM-DATOS-TECNICOS-1536x188.png 1536w, https:\/\/ikaivans.com\/wp-content\/uploads\/ICONOS-590-PREMIUM-DATOS-TECNICOS-600x73.png 600w, https:\/\/ikaivans.com\/wp-content\/uploads\/ICONOS-590-PREMIUM-DATOS-TECNICOS.png 1903w\" sizes=\"(max-width: 1024px) 100vw, 1024px\" \/><\/div>\n<div>\n<div>\n<ul>\n<li><strong>Garant\u00eda:<\/strong>\u00a03 a\u00f1os de garant\u00eda del veh\u00edculo y\u00a0<strong>5 a\u00f1os de garant\u00eda<\/strong>\u00a0frente a estanqueidad<\/li>\n<li>4 asientos homologados y 4 plazas para dormir*. El veh\u00edculo tiene cama doble fija en la parte trasera.<\/li>\n<li><strong>Opcional recomendable<\/strong>:\u00a0<strong>cama doble abatible el\u00e9ctrica<\/strong> en la parte delantera + <strong>fundas de cabina\u00a0<\/strong><\/li>\n<li>Garaje de grandes dimensiones con doble port\u00f3n de 110 x 70 cm (con capacidad para motos peque\u00f1as)<\/li>\n<li><strong>Financiaci\u00f3n Especial<\/strong>: Consultar condiciones de financiaci\u00f3n<\/li>\n<\/ul>\n<\/div>\n<div>\n<p>IVA, Transporte, IEDMT (14,75%) y matriculaci\u00f3n incluidos.<\/p>\n<\/div>\n<div>\n<p>IEl IEMDT es deducible con minusval\u00eda superior al 33% o con familia numerosa.<\/p>\n<div><strong>DIMENSIONES CAMAS:<\/strong><\/div>\n<ul>\n<li>Cama trasera: 220 \u00d7 130 (cm)<\/li>\n<li><strong>Opcional<\/strong>: cama delantera elevable el\u00e9ctrica de 200 x 110 cm\u00a0 con opci\u00f3n extensi\u00f3n de cama +25cm<\/li>\n<\/ul>\n<\/div>\n<\/div>\n","protected":false},"excerpt":{"rendered":"<p>Ilusion XMK 590 Premium,\u00a0la autocaravana m\u00e1s peque\u00f1a y compacta de Ilusion pero con un acabado y unos detalles que la hacen \u00fanica. Garant\u00eda:\u00a03 a\u00f1os de garant\u00eda del veh\u00edculo y\u00a05 a\u00f1os de garant\u00eda\u00a0frente a estanqueidad 4 asientos homologados y 4 plazas para dormir*. El veh\u00edculo tiene cama doble fija en la parte trasera. Opcional recomendable:\u00a0cama doble [&hellip;]<\/p>\n","protected":false},"featured_media":11507,"comment_status":"open","ping_status":"closed","template":"","meta":{"_acf_changed":false,"_joinchat":[]},"product_brand":[],"product_cat":[357,339],"product_tag":[],"class_list":{"0":"post-9969","1":"product","2":"type-product","3":"status-publish","4":"has-post-thumbnail","6":"product_cat-autocaravanas-perfiladas-eu","7":"product_cat-ilusion-xmk-premium-eu","9":"first","10":"instock","11":"taxable","12":"shipping-taxable","13":"purchasable","14":"product-type-simple"},"acf":[],"_links":{"self":[{"href":"https:\/\/ikaivans.com\/eu\/wp-json\/wp\/v2\/product\/9969","targetHints":{"allow":["GET"]}}],"collection":[{"href":"https:\/\/ikaivans.com\/eu\/wp-json\/wp\/v2\/product"}],"about":[{"href":"https:\/\/ikaivans.com\/eu\/wp-json\/wp\/v2\/types\/product"}],"replies":[{"embeddable":true,"href":"https:\/\/ikaivans.com\/eu\/wp-json\/wp\/v2\/comments?post=9969"}],"version-history":[{"count":5,"href":"https:\/\/ikaivans.com\/eu\/wp-json\/wp\/v2\/product\/9969\/revisions"}],"predecessor-version":[{"id":11514,"href":"https:\/\/ikaivans.com\/eu\/wp-json\/wp\/v2\/product\/9969\/revisions\/11514"}],"wp:featuredmedia":[{"embeddable":true,"href":"https:\/\/ikaivans.com\/eu\/wp-json\/wp\/v2\/media\/11507"}],"wp:attachment":[{"href":"https:\/\/ikaivans.com\/eu\/wp-json\/wp\/v2\/media?parent=9969"}],"wp:term":[{"taxonomy":"product_brand","embeddable":true,"href":"https:\/\/ikaivans.com\/eu\/wp-json\/wp\/v2\/product_brand?post=9969"},{"taxonomy":"product_cat","embeddable":true,"href":"https:\/\/ikaivans.com\/eu\/wp-json\/wp\/v2\/product_cat?post=9969"},{"taxonomy":"product_tag","embeddable":true,"href":"https:\/\/ikaivans.com\/eu\/wp-json\/wp\/v2\/product_tag?post=9969"}],"curies":[{"name":"wp","href":"https:\/\/api.w.org\/{rel}","templated":true}]}}