{"id":10623,"date":"2024-04-15T10:12:02","date_gmt":"2024-04-15T08:12:02","guid":{"rendered":"https:\/\/ikaivans.com\/producto\/ilusion-xmk-695-premium-autocaravana\/"},"modified":"2024-05-20T10:21:55","modified_gmt":"2024-05-20T08:21:55","slug":"ilusion-xmk-695-premium-autocaravana","status":"publish","type":"product","link":"https:\/\/ikaivans.com\/eu\/producto\/ilusion-xmk-695-premium-autocaravana\/","title":{"rendered":"XMK695 PREMIUM"},"content":{"rendered":"<div>\n<p>La<strong>\u00a0Autocaravana Ilusion XMK 695 Premium,\u00a0<\/strong>la autocaravana perfilada de la marca Ilusion\u00a0 que dispone de\u00a0<strong>cama en isla<\/strong>,\u00a0<strong>\u00a0con ba\u00f1o grande\u00a0<\/strong>y<strong>\u00a0compacto<\/strong>\u00a0y<strong>\u00a0amplia cocina\u00a0<\/strong>con<strong>\u00a0frigor\u00edfico de \u00faltima generaci\u00f3n<\/strong>\u00a0de 140 litros en menos de 7 metros, con el nuevo dise\u00f1o exterior e interior de la gama Premium.<\/p>\n<p>&nbsp;<\/p>\n<\/div>\n<div><img fetchpriority=\"high\" decoding=\"async\" class=\"wp-image-10065 size-large aligncenter\" src=\"https:\/\/ikaivans.com\/wp-content\/uploads\/ICONOS-695-PREMIUM-DATOS-TECNICOS-1024x125.png\" alt=\"\" width=\"1024\" height=\"125\" srcset=\"https:\/\/ikaivans.com\/wp-content\/uploads\/ICONOS-695-PREMIUM-DATOS-TECNICOS-1024x125.png 1024w, https:\/\/ikaivans.com\/wp-content\/uploads\/ICONOS-695-PREMIUM-DATOS-TECNICOS-300x37.png 300w, https:\/\/ikaivans.com\/wp-content\/uploads\/ICONOS-695-PREMIUM-DATOS-TECNICOS-768x94.png 768w, https:\/\/ikaivans.com\/wp-content\/uploads\/ICONOS-695-PREMIUM-DATOS-TECNICOS-1536x188.png 1536w, https:\/\/ikaivans.com\/wp-content\/uploads\/ICONOS-695-PREMIUM-DATOS-TECNICOS-600x73.png 600w, https:\/\/ikaivans.com\/wp-content\/uploads\/ICONOS-695-PREMIUM-DATOS-TECNICOS.png 1903w\" sizes=\"(max-width: 1024px) 100vw, 1024px\" \/><\/div>\n<div><\/div>\n<div>\n<ul>\n<li>Garant\u00eda:\u00a03 a\u00f1os de garant\u00eda del veh\u00edculo y\u00a0<strong>5 a\u00f1os de garant\u00eda<\/strong>\u00a0frente a estanqueidad<\/li>\n<li><strong>Amplio<\/strong>\u00a0<strong>sal\u00f3n comedor<\/strong>\u00a0delantero\u00a0con asientos de cabina giratorios y mesa deslizante con regulaci\u00f3n en altura<\/li>\n<li><strong>4\u00a0 asientos<\/strong>\u00a0homologados y\u00a0<strong>2 + 2 plazas para dormir<\/strong>.<\/li>\n<li><strong>Extras de esta unidad:<\/strong>\u00a0<strong>\u00a0cama abatible el\u00e9ctricamente H<\/strong> en la parte delantera <strong>+ fundas de cabina<\/strong><\/li>\n<li>Garaje grande de f\u00e1cil acceso desde ambos lados<\/li>\n<li>Gran espacio de almacenamiento bajo la cama y m\u00faltiples cajones y compartimentos<\/li>\n<li><strong>\u00a0Financiaci\u00f3n Especial<\/strong>: Consultar condiciones<\/li>\n<\/ul>\n<div>\n<p>&nbsp;<\/p>\n<p>IVA, Transporte, IEDMT (14,75%) y matriculaci\u00f3n incluidos.<\/p>\n<\/div>\n<div>\n<p>IEl IEMDT es deducible con minusval\u00eda superior al 33% o con familia numerosa.<\/p>\n<div><strong>DIMENSIONES CAMAS:<\/strong><\/div>\n<ul>\n<li>Cama en isla grande de 193 x 135 cm<\/li>\n<li>Cama delantera elevable el\u00e9ctrica de 200 x 120 cm con opci\u00f3n extensi\u00f3n de cama +25cm.<\/li>\n<\/ul>\n<\/div>\n<\/div>\n","protected":false},"excerpt":{"rendered":"<p>La\u00a0Autocaravana Ilusion XMK 695 Premium,\u00a0la autocaravana perfilada de la marca Ilusion\u00a0 que dispone de\u00a0cama en isla,\u00a0\u00a0con ba\u00f1o grande\u00a0y\u00a0compacto\u00a0y\u00a0amplia cocina\u00a0con\u00a0frigor\u00edfico de \u00faltima generaci\u00f3n\u00a0de 140 litros en menos de 7 metros, con el nuevo dise\u00f1o exterior e interior de la gama Premium. &nbsp; Garant\u00eda:\u00a03 a\u00f1os de garant\u00eda del veh\u00edculo y\u00a05 a\u00f1os de garant\u00eda\u00a0frente a estanqueidad Amplio\u00a0sal\u00f3n comedor\u00a0delantero\u00a0con [&hellip;]<\/p>\n","protected":false},"featured_media":11736,"comment_status":"open","ping_status":"closed","template":"","meta":{"_acf_changed":false,"_joinchat":[]},"product_brand":[],"product_cat":[357,339],"product_tag":[],"class_list":{"0":"post-10623","1":"product","2":"type-product","3":"status-publish","4":"has-post-thumbnail","6":"product_cat-autocaravanas-perfiladas-eu","7":"product_cat-ilusion-xmk-premium-eu","9":"first","10":"instock","11":"taxable","12":"shipping-taxable","13":"purchasable","14":"product-type-simple"},"acf":[],"_links":{"self":[{"href":"https:\/\/ikaivans.com\/eu\/wp-json\/wp\/v2\/product\/10623","targetHints":{"allow":["GET"]}}],"collection":[{"href":"https:\/\/ikaivans.com\/eu\/wp-json\/wp\/v2\/product"}],"about":[{"href":"https:\/\/ikaivans.com\/eu\/wp-json\/wp\/v2\/types\/product"}],"replies":[{"embeddable":true,"href":"https:\/\/ikaivans.com\/eu\/wp-json\/wp\/v2\/comments?post=10623"}],"version-history":[{"count":5,"href":"https:\/\/ikaivans.com\/eu\/wp-json\/wp\/v2\/product\/10623\/revisions"}],"predecessor-version":[{"id":11763,"href":"https:\/\/ikaivans.com\/eu\/wp-json\/wp\/v2\/product\/10623\/revisions\/11763"}],"wp:featuredmedia":[{"embeddable":true,"href":"https:\/\/ikaivans.com\/eu\/wp-json\/wp\/v2\/media\/11736"}],"wp:attachment":[{"href":"https:\/\/ikaivans.com\/eu\/wp-json\/wp\/v2\/media?parent=10623"}],"wp:term":[{"taxonomy":"product_brand","embeddable":true,"href":"https:\/\/ikaivans.com\/eu\/wp-json\/wp\/v2\/product_brand?post=10623"},{"taxonomy":"product_cat","embeddable":true,"href":"https:\/\/ikaivans.com\/eu\/wp-json\/wp\/v2\/product_cat?post=10623"},{"taxonomy":"product_tag","embeddable":true,"href":"https:\/\/ikaivans.com\/eu\/wp-json\/wp\/v2\/product_tag?post=10623"}],"curies":[{"name":"wp","href":"https:\/\/api.w.org\/{rel}","templated":true}]}}