{"id":10604,"date":"2024-04-15T09:33:21","date_gmt":"2024-04-15T07:33:21","guid":{"rendered":"https:\/\/ikaivans.com\/producto\/ilusion-xmk-730-premium-autocaravana-2\/"},"modified":"2024-05-20T10:24:41","modified_gmt":"2024-05-20T08:24:41","slug":"ilusion-xmk-730-premium-autocaravana","status":"publish","type":"product","link":"https:\/\/ikaivans.com\/eu\/producto\/ilusion-xmk-730-premium-autocaravana\/","title":{"rendered":"XMK730 PREMIUM"},"content":{"rendered":"<div>\n<p><strong>Autocaravana Ilusion XMK 730 Premium,\u00a0<\/strong>la autocaravana perfilada de la marca Ilusion que dispone de\u00a0<strong>2<\/strong>\u00a0<strong>espacios independientes\u00a0<\/strong>separados por una puerta corredera: una habitaci\u00f3n dormitorio tipo suite con\u00a0<strong>cama en isla<\/strong>\u00a0con ba\u00f1o y ducha separados y zona de comedor y cocina. Todo ello con el dise\u00f1o y con los acabados m\u00e1s altos del mercado.<\/p>\n<p>&nbsp;<\/p>\n<\/div>\n<div><img fetchpriority=\"high\" decoding=\"async\" class=\"aligncenter wp-image-10065 size-large\" src=\"https:\/\/ikaivans.com\/wp-content\/uploads\/ICONOS-695-PREMIUM-DATOS-TECNICOS-1024x125.png\" alt=\"\" width=\"1024\" height=\"125\" srcset=\"https:\/\/ikaivans.com\/wp-content\/uploads\/ICONOS-695-PREMIUM-DATOS-TECNICOS-1024x125.png 1024w, https:\/\/ikaivans.com\/wp-content\/uploads\/ICONOS-695-PREMIUM-DATOS-TECNICOS-300x37.png 300w, https:\/\/ikaivans.com\/wp-content\/uploads\/ICONOS-695-PREMIUM-DATOS-TECNICOS-768x94.png 768w, https:\/\/ikaivans.com\/wp-content\/uploads\/ICONOS-695-PREMIUM-DATOS-TECNICOS-1536x188.png 1536w, https:\/\/ikaivans.com\/wp-content\/uploads\/ICONOS-695-PREMIUM-DATOS-TECNICOS-600x73.png 600w, https:\/\/ikaivans.com\/wp-content\/uploads\/ICONOS-695-PREMIUM-DATOS-TECNICOS.png 1903w\" sizes=\"(max-width: 1024px) 100vw, 1024px\" \/><\/div>\n<div><\/div>\n<div>\n<ul>\n<li>Garant\u00eda:\u00a03 a\u00f1os de garant\u00eda del veh\u00edculo y\u00a0<strong>5 a\u00f1os de garant\u00eda<\/strong>\u00a0frente a estanqueidad<\/li>\n<li><strong>Amplio<\/strong>\u00a0<strong>sal\u00f3n comedor<\/strong>\u00a0delantero\u00a0con asientos de cabina giratorios y mesa deslizante con regulaci\u00f3n en altura<\/li>\n<li><b>Habitaci\u00f3n\u00a0<\/b>de dormitorio<b>\u00a0tipo Suite\u00a0<\/b>con<b>\u00a0cama en isla<\/b><\/li>\n<li><b>Ba\u00f1o y ducha separados\u00a0<\/b>e independientes<\/li>\n<li><strong>Puerta corredera<\/strong>\u00a0que separa dormitorio del resto del espacio<\/li>\n<li><strong>4 +1 asientos<\/strong>\u00a0homologados y\u00a0<strong>2 + 2 plazas para dormir<\/strong>. Se puede incorporar una 5\u00ba plaza en opci\u00f3n.<\/li>\n<li><strong>Opcional recomendable<\/strong>:\u00a0<strong>cama doble abatible el\u00e9ctrica<\/strong> en la parte delantera + <strong>fundas de cabina\u00a0<\/strong><\/li>\n<li>Garaje grande de f\u00e1cil acceso desde ambos lados<\/li>\n<li><strong>\u00a0Financiaci\u00f3n Especial<\/strong>: Consultar condiciones<\/li>\n<\/ul>\n<div>\n<p>&nbsp;<\/p>\n<p>IVA, Transporte, IEDMT (14,75%) y matriculaci\u00f3n incluidos.<\/p>\n<\/div>\n<div>\n<p>IEl IEMDT es deducible con minusval\u00eda superior al 33% o con familia numerosa.<\/p>\n<\/div>\n<div><strong>DIMENSIONES CAMAS:<\/strong><\/div>\n<ul>\n<li>Gran cama en isla de 193 x 135 cm<\/li>\n<li><strong>Opcional<\/strong>: cama delantera elevable el\u00e9ctrica de 200 x 120 cm con opci\u00f3n extensi\u00f3n de cama +25cm.<\/li>\n<\/ul>\n<\/div>\n","protected":false},"excerpt":{"rendered":"<p>Autocaravana Ilusion XMK 730 Premium,\u00a0la autocaravana perfilada de la marca Ilusion que dispone de\u00a02\u00a0espacios independientes\u00a0separados por una puerta corredera: una habitaci\u00f3n dormitorio tipo suite con\u00a0cama en isla\u00a0con ba\u00f1o y ducha separados y zona de comedor y cocina. Todo ello con el dise\u00f1o y con los acabados m\u00e1s altos del mercado. &nbsp; Garant\u00eda:\u00a03 a\u00f1os de garant\u00eda [&hellip;]<\/p>\n","protected":false},"featured_media":11784,"comment_status":"open","ping_status":"closed","template":"","meta":{"_acf_changed":false,"_joinchat":[]},"product_brand":[],"product_cat":[357,339],"product_tag":[],"class_list":{"0":"post-10604","1":"product","2":"type-product","3":"status-publish","4":"has-post-thumbnail","6":"product_cat-autocaravanas-perfiladas-eu","7":"product_cat-ilusion-xmk-premium-eu","9":"first","10":"instock","11":"taxable","12":"shipping-taxable","13":"purchasable","14":"product-type-simple"},"acf":[],"_links":{"self":[{"href":"https:\/\/ikaivans.com\/eu\/wp-json\/wp\/v2\/product\/10604","targetHints":{"allow":["GET"]}}],"collection":[{"href":"https:\/\/ikaivans.com\/eu\/wp-json\/wp\/v2\/product"}],"about":[{"href":"https:\/\/ikaivans.com\/eu\/wp-json\/wp\/v2\/types\/product"}],"replies":[{"embeddable":true,"href":"https:\/\/ikaivans.com\/eu\/wp-json\/wp\/v2\/comments?post=10604"}],"version-history":[{"count":6,"href":"https:\/\/ikaivans.com\/eu\/wp-json\/wp\/v2\/product\/10604\/revisions"}],"predecessor-version":[{"id":11807,"href":"https:\/\/ikaivans.com\/eu\/wp-json\/wp\/v2\/product\/10604\/revisions\/11807"}],"wp:featuredmedia":[{"embeddable":true,"href":"https:\/\/ikaivans.com\/eu\/wp-json\/wp\/v2\/media\/11784"}],"wp:attachment":[{"href":"https:\/\/ikaivans.com\/eu\/wp-json\/wp\/v2\/media?parent=10604"}],"wp:term":[{"taxonomy":"product_brand","embeddable":true,"href":"https:\/\/ikaivans.com\/eu\/wp-json\/wp\/v2\/product_brand?post=10604"},{"taxonomy":"product_cat","embeddable":true,"href":"https:\/\/ikaivans.com\/eu\/wp-json\/wp\/v2\/product_cat?post=10604"},{"taxonomy":"product_tag","embeddable":true,"href":"https:\/\/ikaivans.com\/eu\/wp-json\/wp\/v2\/product_tag?post=10604"}],"curies":[{"name":"wp","href":"https:\/\/api.w.org\/{rel}","templated":true}]}}