{"id":10304,"date":"2024-04-12T13:20:11","date_gmt":"2024-04-12T11:20:11","guid":{"rendered":"https:\/\/ikaivans.com\/producto\/ilusion-xmk-590ft-h-premium-autocaravana\/"},"modified":"2024-05-07T18:43:05","modified_gmt":"2024-05-07T16:43:05","slug":"ilusion-xmk-590ft-h-premium-autocaravana","status":"publish","type":"product","link":"https:\/\/ikaivans.com\/eu\/producto\/ilusion-xmk-590ft-h-premium-autocaravana\/","title":{"rendered":"XMK590FT H PREMIUM"},"content":{"rendered":"<div>\n<p><strong>Autocaravana Ilusion XMK 590 FTH,\u00a0<\/strong>la autocaravana perfilada m\u00e1s peque\u00f1a, compacta y rutera de la marca Ilusion con una distribuci\u00f3n de sal\u00f3n en U y con mucho espacio de almacenamiento a trav\u00e9s del gran armario ropero.<\/p>\n<p>&nbsp;<\/p>\n<\/div>\n<div><img fetchpriority=\"high\" decoding=\"async\" class=\"wp-image-10274 size-large aligncenter\" src=\"https:\/\/ikaivans.com\/wp-content\/uploads\/ICONOS-590FT-H-PREMIUM-DATOS-TECNICOS-1024x125.png\" alt=\"\" width=\"1024\" height=\"125\" srcset=\"https:\/\/ikaivans.com\/wp-content\/uploads\/ICONOS-590FT-H-PREMIUM-DATOS-TECNICOS-1024x125.png 1024w, https:\/\/ikaivans.com\/wp-content\/uploads\/ICONOS-590FT-H-PREMIUM-DATOS-TECNICOS-300x37.png 300w, https:\/\/ikaivans.com\/wp-content\/uploads\/ICONOS-590FT-H-PREMIUM-DATOS-TECNICOS-768x94.png 768w, https:\/\/ikaivans.com\/wp-content\/uploads\/ICONOS-590FT-H-PREMIUM-DATOS-TECNICOS-1536x188.png 1536w, https:\/\/ikaivans.com\/wp-content\/uploads\/ICONOS-590FT-H-PREMIUM-DATOS-TECNICOS-600x73.png 600w, https:\/\/ikaivans.com\/wp-content\/uploads\/ICONOS-590FT-H-PREMIUM-DATOS-TECNICOS.png 1903w\" sizes=\"(max-width: 1024px) 100vw, 1024px\" \/><\/div>\n<div><\/div>\n<div>\n<ul>\n<li>Garant\u00eda:\u00a03 a\u00f1os de garant\u00eda del veh\u00edculo y\u00a0<strong>5 a\u00f1os de garant\u00eda<\/strong>\u00a0frente a estanqueidad<\/li>\n<li>Sal\u00f3n\u00a0<strong>trasero en forma de U<\/strong><\/li>\n<li><strong>2 asientos<\/strong>\u00a0homologados, con posibilidad de a\u00f1adir\u00a0<strong>2 asientos m\u00e1s<\/strong> en opci\u00f3n y <strong>2 + 2 plazas para dormir<\/strong>.<\/li>\n<li>El veh\u00edculo tiene una\u00a0<strong>cama abatible el\u00e9ctricamente H<\/strong>\u00a0sobre el sal\u00f3n y\u00a0<strong>sal\u00f3n transformable<\/strong>\u00a0en cama doble<\/li>\n<li><strong>Opcional recomendable:<\/strong>\u00a0\u00a0<strong>fundas de cabina <\/strong>+ <strong>ventana trasera<\/strong> de sal\u00f3n + cama el\u00e9ctrica <strong>m\u00e1s baja<\/strong><\/li>\n<li>Garaje de f\u00e1cil acceso desde ambos lados<\/li>\n<li><strong>Financiaci\u00f3n Especial<\/strong>: Consultar condiciones de financiaci\u00f3n<\/li>\n<\/ul>\n<div>\n<p>&nbsp;<\/p>\n<p>IVA, Transporte, IEDMT (14,75%) y matriculaci\u00f3n incluidos.<\/p>\n<\/div>\n<div>\n<p>IEl IEMDT es deducible con minusval\u00eda superior al 33% o con familia numerosa.<\/p>\n<div><strong>DIMENSIONES CAMAS:<\/strong><\/div>\n<ul>\n<li>Cama el\u00e9ctrica elevable H trasera sobre sal\u00f3n en U de 200 x 135 (cm). Esta cama puede bajar a\u00fan m\u00e1s en opci\u00f3n<\/li>\n<li>Gran cama doble en sal\u00f3n trasero de 220 x 150 (cm)<\/li>\n<\/ul>\n<\/div>\n<\/div>\n","protected":false},"excerpt":{"rendered":"<p>Autocaravana Ilusion XMK 590 FTH,\u00a0la autocaravana perfilada m\u00e1s peque\u00f1a, compacta y rutera de la marca Ilusion con una distribuci\u00f3n de sal\u00f3n en U y con mucho espacio de almacenamiento a trav\u00e9s del gran armario ropero. &nbsp; Garant\u00eda:\u00a03 a\u00f1os de garant\u00eda del veh\u00edculo y\u00a05 a\u00f1os de garant\u00eda\u00a0frente a estanqueidad Sal\u00f3n\u00a0trasero en forma de U 2 asientos\u00a0homologados, [&hellip;]<\/p>\n","protected":false},"featured_media":11595,"comment_status":"open","ping_status":"closed","template":"","meta":{"_acf_changed":false,"_joinchat":[]},"product_brand":[],"product_cat":[357,339],"product_tag":[],"class_list":{"0":"post-10304","1":"product","2":"type-product","3":"status-publish","4":"has-post-thumbnail","6":"product_cat-autocaravanas-perfiladas-eu","7":"product_cat-ilusion-xmk-premium-eu","9":"first","10":"instock","11":"taxable","12":"shipping-taxable","13":"purchasable","14":"product-type-simple"},"acf":[],"_links":{"self":[{"href":"https:\/\/ikaivans.com\/eu\/wp-json\/wp\/v2\/product\/10304","targetHints":{"allow":["GET"]}}],"collection":[{"href":"https:\/\/ikaivans.com\/eu\/wp-json\/wp\/v2\/product"}],"about":[{"href":"https:\/\/ikaivans.com\/eu\/wp-json\/wp\/v2\/types\/product"}],"replies":[{"embeddable":true,"href":"https:\/\/ikaivans.com\/eu\/wp-json\/wp\/v2\/comments?post=10304"}],"version-history":[{"count":5,"href":"https:\/\/ikaivans.com\/eu\/wp-json\/wp\/v2\/product\/10304\/revisions"}],"predecessor-version":[{"id":11621,"href":"https:\/\/ikaivans.com\/eu\/wp-json\/wp\/v2\/product\/10304\/revisions\/11621"}],"wp:featuredmedia":[{"embeddable":true,"href":"https:\/\/ikaivans.com\/eu\/wp-json\/wp\/v2\/media\/11595"}],"wp:attachment":[{"href":"https:\/\/ikaivans.com\/eu\/wp-json\/wp\/v2\/media?parent=10304"}],"wp:term":[{"taxonomy":"product_brand","embeddable":true,"href":"https:\/\/ikaivans.com\/eu\/wp-json\/wp\/v2\/product_brand?post=10304"},{"taxonomy":"product_cat","embeddable":true,"href":"https:\/\/ikaivans.com\/eu\/wp-json\/wp\/v2\/product_cat?post=10304"},{"taxonomy":"product_tag","embeddable":true,"href":"https:\/\/ikaivans.com\/eu\/wp-json\/wp\/v2\/product_tag?post=10304"}],"curies":[{"name":"wp","href":"https:\/\/api.w.org\/{rel}","templated":true}]}}