{"id":9925,"date":"2024-04-12T10:38:10","date_gmt":"2024-04-12T08:38:10","guid":{"rendered":"https:\/\/ikaivans.com\/producto\/ilusion-xmk-690-autocaravana\/"},"modified":"2024-05-07T18:03:56","modified_gmt":"2024-05-07T16:03:56","slug":"ilusion-xmk-690-autocaravana","status":"publish","type":"product","link":"https:\/\/ikaivans.com\/en\/producto\/ilusion-xmk-690-autocaravana\/","title":{"rendered":"XMK690"},"content":{"rendered":"<div>\n<p><strong>Autocaravana Ilusion XMK 690,\u00a0<\/strong>la autocaravana perfilada de la marca Ilusion con una distribuci\u00f3n de\u00a0<strong>camas gemelas<\/strong>, un\u00a0<strong>amplio ba\u00f1o<\/strong>\u00a0y<strong>\u00a0frigor\u00edfico de \u00faltima generaci\u00f3n<\/strong>\u00a0de 144 litros en menos de 7 metros y todo al\u00a0<strong>mejor precio.<\/strong><\/p>\n<\/div>\n<div><img fetchpriority=\"high\" decoding=\"async\" class=\"wp-image-9894 size-large aligncenter\" src=\"https:\/\/ikaivans.com\/wp-content\/uploads\/ICONOS-690-XMK-DATOS-TECNICOS-1024x125.png\" alt=\"\" width=\"1024\" height=\"125\" srcset=\"https:\/\/ikaivans.com\/wp-content\/uploads\/ICONOS-690-XMK-DATOS-TECNICOS-1024x125.png 1024w, https:\/\/ikaivans.com\/wp-content\/uploads\/ICONOS-690-XMK-DATOS-TECNICOS-300x37.png 300w, https:\/\/ikaivans.com\/wp-content\/uploads\/ICONOS-690-XMK-DATOS-TECNICOS-768x94.png 768w, https:\/\/ikaivans.com\/wp-content\/uploads\/ICONOS-690-XMK-DATOS-TECNICOS-1536x188.png 1536w, https:\/\/ikaivans.com\/wp-content\/uploads\/ICONOS-690-XMK-DATOS-TECNICOS-600x73.png 600w, https:\/\/ikaivans.com\/wp-content\/uploads\/ICONOS-690-XMK-DATOS-TECNICOS.png 1903w\" sizes=\"(max-width: 1024px) 100vw, 1024px\" \/><\/div>\n<div>\n<div>\n<ul>\n<li><strong>Garant\u00eda:<\/strong>\u00a03 a\u00f1os de garant\u00eda del veh\u00edculo y\u00a0<strong>5 a\u00f1os de garant\u00eda<\/strong>\u00a0frente a estanqueidad<\/li>\n<li><strong>Amplio<\/strong>\u00a0<strong>sal\u00f3n comedor<\/strong>\u00a0delantero\u00a0con asientos de cabina giratorios y mesa deslizante con regulaci\u00f3n en altura<\/li>\n<li><strong>\u00a04 + 1 asientos<\/strong>\u00a0homologados y\u00a0<strong>3\u00a0+ 2 plazas para dormir<\/strong>.<\/li>\n<li><strong>\u00a0Opcional recomendable:<\/strong>\u00a0<strong>5\u00ba plaza para viajar<\/strong>\u00a0<strong>+ cama doble abatible el\u00e9ctrica en la parte delantera + kit cama grande en las camas gemelas + <\/strong><strong>oscurecedores en cabina<\/strong>\u00a0+\u00a0<strong>puerta de entrada premium<\/strong> +\u00a0<strong>luz de avance exterior<\/strong><\/li>\n<li><strong> Garaje grande de f\u00e1cil acceso desde ambos lados<\/strong><\/li>\n<li>Gran espacio de almacenamiento bajo la cama y m\u00faltiples cajones y compartimentos<\/li>\n<li><strong>Financiaci\u00f3n Especial<\/strong>:\u00a0 Consultar condiciones<\/li>\n<\/ul>\n<\/div>\n<div>\n<p>IVA, Transporte, IEDMT (14,75%) y matriculaci\u00f3n incluidos.<\/p>\n<\/div>\n<div>\n<p>IEl IEMDT es deducible con minusval\u00eda superior al 33% o con familia numerosa.<\/p>\n<\/div>\n<\/div>\n<div><strong>DIMENSIONES CAMAS:<\/strong><\/div>\n<p>Camas individuales gemelas en la parte trasera:<\/p>\n<ul>\n<li>Cama trasera izda de 194 x 81 cm<\/li>\n<li>Cama trasera derecha de 184 x 81 cm<\/li>\n<li><strong>Opcional<\/strong>: cama delantera elevable el\u00e9ctrica de 200 x 120 cm con opci\u00f3n extensi\u00f3n de cama +25cm<\/li>\n<li><strong>Opcional<\/strong>: kit de transformaci\u00f3n de camas individuales a cama doble de 210 x 190 cm<\/li>\n<\/ul>\n","protected":false},"excerpt":{"rendered":"<p>Autocaravana Ilusion XMK 690,\u00a0la autocaravana perfilada de la marca Ilusion con una distribuci\u00f3n de\u00a0camas gemelas, un\u00a0amplio ba\u00f1o\u00a0y\u00a0frigor\u00edfico de \u00faltima generaci\u00f3n\u00a0de 144 litros en menos de 7 metros y todo al\u00a0mejor precio. Garant\u00eda:\u00a03 a\u00f1os de garant\u00eda del veh\u00edculo y\u00a05 a\u00f1os de garant\u00eda\u00a0frente a estanqueidad Amplio\u00a0sal\u00f3n comedor\u00a0delantero\u00a0con asientos de cabina giratorios y mesa deslizante con regulaci\u00f3n en [&hellip;]<\/p>\n","protected":false},"featured_media":11366,"comment_status":"open","ping_status":"closed","template":"","meta":{"_acf_changed":false,"_joinchat":[]},"product_brand":[],"product_cat":[344,358],"product_tag":[],"class_list":{"0":"post-9925","1":"product","2":"type-product","3":"status-publish","4":"has-post-thumbnail","6":"product_cat-ilusion-xmk-en","7":"product_cat-autocaravanas-perfiladas-en","9":"first","10":"instock","11":"taxable","12":"shipping-taxable","13":"purchasable","14":"product-type-simple"},"acf":[],"_links":{"self":[{"href":"https:\/\/ikaivans.com\/en\/wp-json\/wp\/v2\/product\/9925","targetHints":{"allow":["GET"]}}],"collection":[{"href":"https:\/\/ikaivans.com\/en\/wp-json\/wp\/v2\/product"}],"about":[{"href":"https:\/\/ikaivans.com\/en\/wp-json\/wp\/v2\/types\/product"}],"replies":[{"embeddable":true,"href":"https:\/\/ikaivans.com\/en\/wp-json\/wp\/v2\/comments?post=9925"}],"version-history":[{"count":6,"href":"https:\/\/ikaivans.com\/en\/wp-json\/wp\/v2\/product\/9925\/revisions"}],"predecessor-version":[{"id":11453,"href":"https:\/\/ikaivans.com\/en\/wp-json\/wp\/v2\/product\/9925\/revisions\/11453"}],"wp:featuredmedia":[{"embeddable":true,"href":"https:\/\/ikaivans.com\/en\/wp-json\/wp\/v2\/media\/11366"}],"wp:attachment":[{"href":"https:\/\/ikaivans.com\/en\/wp-json\/wp\/v2\/media?parent=9925"}],"wp:term":[{"taxonomy":"product_brand","embeddable":true,"href":"https:\/\/ikaivans.com\/en\/wp-json\/wp\/v2\/product_brand?post=9925"},{"taxonomy":"product_cat","embeddable":true,"href":"https:\/\/ikaivans.com\/en\/wp-json\/wp\/v2\/product_cat?post=9925"},{"taxonomy":"product_tag","embeddable":true,"href":"https:\/\/ikaivans.com\/en\/wp-json\/wp\/v2\/product_tag?post=9925"}],"curies":[{"name":"wp","href":"https:\/\/api.w.org\/{rel}","templated":true}]}}