{"id":9803,"date":"2024-04-11T18:46:38","date_gmt":"2024-04-11T16:46:39","guid":{"rendered":"https:\/\/ikaivans.com\/?post_type=product&#038;p=9803"},"modified":"2024-05-07T18:00:53","modified_gmt":"2024-05-07T16:00:53","slug":"ilusion-xmk-590-autocaravana","status":"publish","type":"product","link":"https:\/\/ikaivans.com\/en\/producto\/ilusion-xmk-590-autocaravana\/","title":{"rendered":"XMK590"},"content":{"rendered":"<div>\n<p><strong>Autocaravana Ilusion XMK 590,\u00a0<\/strong>la autocaravana perfilada m\u00e1s peque\u00f1a, compacta y rutera de la marca Ilusion, con el mejor dise\u00f1o, calidad y equipamiento\u00a0<strong>al mejor precio<\/strong>.<\/p>\n<\/div>\n<div><img fetchpriority=\"high\" decoding=\"async\" class=\"aligncenter wp-image-9841 size-large\" src=\"https:\/\/ikaivans.com\/wp-content\/uploads\/ICONOS-590XMK-DATOS-TECNICOS-1024x125.png\" alt=\"\" width=\"1024\" height=\"125\" srcset=\"https:\/\/ikaivans.com\/wp-content\/uploads\/ICONOS-590XMK-DATOS-TECNICOS-1024x125.png 1024w, https:\/\/ikaivans.com\/wp-content\/uploads\/ICONOS-590XMK-DATOS-TECNICOS-300x37.png 300w, https:\/\/ikaivans.com\/wp-content\/uploads\/ICONOS-590XMK-DATOS-TECNICOS-768x94.png 768w, https:\/\/ikaivans.com\/wp-content\/uploads\/ICONOS-590XMK-DATOS-TECNICOS-1536x188.png 1536w, https:\/\/ikaivans.com\/wp-content\/uploads\/ICONOS-590XMK-DATOS-TECNICOS-600x73.png 600w, https:\/\/ikaivans.com\/wp-content\/uploads\/ICONOS-590XMK-DATOS-TECNICOS.png 1903w\" sizes=\"(max-width: 1024px) 100vw, 1024px\" \/><\/div>\n<div>\n<div>\n<ul>\n<li><strong>Garant\u00eda:<\/strong>\u00a03 a\u00f1os de garant\u00eda del veh\u00edculo y\u00a0<strong>5 a\u00f1os de garant\u00eda<\/strong>\u00a0frente a estanqueidad<\/li>\n<li>\u00a04 asientos homologados y 4 plazas para dormir*. El veh\u00edculo tiene cama doble fija en la parte trasera<\/li>\n<li><strong>Opcional recomendable:<\/strong>\u00a0\u00a0<strong>oscurecedores en cabina<\/strong>\u00a0+\u00a0<strong>puerta de entrada premium<\/strong>\u00a0+\u00a0<strong>luz de avance exterior<\/strong><\/li>\n<li><strong> Garaje de grandes dimensiones con doble port\u00f3n de 110 x 70 cm (con capacidad para motos peque\u00f1as)<\/strong><\/li>\n<li><strong>\u00a0Financiaci\u00f3n Especial<\/strong>: Consultar condiciones de financiaci\u00f3n<\/li>\n<\/ul>\n<\/div>\n<div>\n<p>IVA, Transporte, IEDMT (14,75%) y matriculaci\u00f3n incluidos.<\/p>\n<\/div>\n<div>\n<p>IEl IEMDT es deducible con minusval\u00eda superior al 33% o con familia numerosa.<\/p>\n<\/div>\n<div><strong>DIMENSIONES CAMAS:<\/strong><\/div>\n<ul>\n<li>Cama trasera: 220 \u00d7 130 (cm)<\/li>\n<li><strong>Opcional<\/strong>: cama delantera elevable el\u00e9ctrica de 200 x 110 cm con opci\u00f3n extensi\u00f3n de cama +25cm<\/li>\n<\/ul>\n<\/div>\n","protected":false},"excerpt":{"rendered":"<div>\n<p><strong>Autocaravana Ilusion XMK 590,\u00a0<\/strong>la autocaravana perfilada m\u00e1s peque\u00f1a, compacta y rutera de la marca Ilusion, con el mejor dise\u00f1o, calidad y equipamiento\u00a0<strong>al mejor precio<\/strong>.<\/p>\n<\/div>\n<div><img fetchpriority=\"high\" decoding=\"async\" class=\"aligncenter wp-image-9841 size-large\" src=\"https:\/\/ikaivans.com\/wp-content\/uploads\/ICONOS-590XMK-DATOS-TECNICOS-1024x125.png\" alt=\"\" width=\"1024\" height=\"125\" srcset=\"https:\/\/ikaivans.com\/wp-content\/uploads\/ICONOS-590XMK-DATOS-TECNICOS-1024x125.png 1024w, https:\/\/ikaivans.com\/wp-content\/uploads\/ICONOS-590XMK-DATOS-TECNICOS-300x37.png 300w, https:\/\/ikaivans.com\/wp-content\/uploads\/ICONOS-590XMK-DATOS-TECNICOS-768x94.png 768w, https:\/\/ikaivans.com\/wp-content\/uploads\/ICONOS-590XMK-DATOS-TECNICOS-1536x188.png 1536w, https:\/\/ikaivans.com\/wp-content\/uploads\/ICONOS-590XMK-DATOS-TECNICOS-600x73.png 600w, https:\/\/ikaivans.com\/wp-content\/uploads\/ICONOS-590XMK-DATOS-TECNICOS.png 1903w\" sizes=\"(max-width: 1024px) 100vw, 1024px\" \/><\/div>\n<div>\n<div>\n<ul>\n<li><strong>Garant\u00eda:<\/strong>\u00a03 a\u00f1os de garant\u00eda del veh\u00edculo y\u00a0<strong>5 a\u00f1os de garant\u00eda<\/strong>\u00a0frente a estanqueidad<\/li>\n<li>\u00a04 asientos homologados y 4 plazas para dormir*. El veh\u00edculo tiene cama doble fija en la parte trasera<\/li>\n<li><strong>Opcional recomendable:<\/strong>\u00a0\u00a0<strong>oscurecedores en cabina<\/strong>\u00a0+\u00a0<strong>puerta de entrada premium<\/strong>\u00a0+\u00a0<strong>luz de avance exterior<\/strong><\/li>\n<li><strong> Garaje de grandes dimensiones con doble port\u00f3n de 110 x 70 cm (con capacidad para motos peque\u00f1as)<\/strong><\/li>\n<li><strong>\u00a0Financiaci\u00f3n Especial<\/strong>: Consultar condiciones de financiaci\u00f3n<\/li>\n<\/ul>\n<\/div>\n<div>\n<p>IVA, Transporte, IEDMT (14,75%) y matriculaci\u00f3n incluidos.<\/p>\n<\/div>\n<div>\n<p>IEl IEMDT es deducible con minusval\u00eda superior al 33% o con familia numerosa.<\/p>\n<\/div>\n<\/div>\n","protected":false},"featured_media":9807,"comment_status":"open","ping_status":"closed","template":"","meta":{"_acf_changed":false,"_joinchat":[]},"product_brand":[],"product_cat":[344,358],"product_tag":[],"class_list":{"0":"post-9803","1":"product","2":"type-product","3":"status-publish","4":"has-post-thumbnail","6":"product_cat-ilusion-xmk-en","7":"product_cat-autocaravanas-perfiladas-en","9":"first","10":"instock","11":"taxable","12":"shipping-taxable","13":"purchasable","14":"product-type-simple"},"acf":[],"_links":{"self":[{"href":"https:\/\/ikaivans.com\/en\/wp-json\/wp\/v2\/product\/9803","targetHints":{"allow":["GET"]}}],"collection":[{"href":"https:\/\/ikaivans.com\/en\/wp-json\/wp\/v2\/product"}],"about":[{"href":"https:\/\/ikaivans.com\/en\/wp-json\/wp\/v2\/types\/product"}],"replies":[{"embeddable":true,"href":"https:\/\/ikaivans.com\/en\/wp-json\/wp\/v2\/comments?post=9803"}],"version-history":[{"count":6,"href":"https:\/\/ikaivans.com\/en\/wp-json\/wp\/v2\/product\/9803\/revisions"}],"predecessor-version":[{"id":11430,"href":"https:\/\/ikaivans.com\/en\/wp-json\/wp\/v2\/product\/9803\/revisions\/11430"}],"wp:featuredmedia":[{"embeddable":true,"href":"https:\/\/ikaivans.com\/en\/wp-json\/wp\/v2\/media\/9807"}],"wp:attachment":[{"href":"https:\/\/ikaivans.com\/en\/wp-json\/wp\/v2\/media?parent=9803"}],"wp:term":[{"taxonomy":"product_brand","embeddable":true,"href":"https:\/\/ikaivans.com\/en\/wp-json\/wp\/v2\/product_brand?post=9803"},{"taxonomy":"product_cat","embeddable":true,"href":"https:\/\/ikaivans.com\/en\/wp-json\/wp\/v2\/product_cat?post=9803"},{"taxonomy":"product_tag","embeddable":true,"href":"https:\/\/ikaivans.com\/en\/wp-json\/wp\/v2\/product_tag?post=9803"}],"curies":[{"name":"wp","href":"https:\/\/api.w.org\/{rel}","templated":true}]}}