{"id":10593,"date":"2024-04-15T09:18:30","date_gmt":"2024-04-15T07:18:30","guid":{"rendered":"https:\/\/ikaivans.com\/producto\/ilusion-i-lux-l74qb-autocaravana-2\/"},"modified":"2024-05-08T12:49:24","modified_gmt":"2024-05-08T10:49:24","slug":"ilusion-i-lux-l74qb-autocarvana","status":"publish","type":"product","link":"https:\/\/ikaivans.com\/en\/producto\/ilusion-i-lux-l74qb-autocarvana\/","title":{"rendered":"l74QB"},"content":{"rendered":"<div>\n<p><strong>llusion i-lux l74QB, <\/strong>Elegante autocaravana integral, un lujo accesible para descubrir lugares inolvidables.<\/p>\n<p>Con una gran cama de matrimonio en la parte posterior, la Ilux I74QB destaca por sus ambientes amplios y acogedores, con una mezcla de materiales de alta calidad y dise\u00f1o moderno en tonos naturales y coordinados que invitan a disfrutar de cada momento.<\/p>\n<p>&nbsp;<\/p>\n<\/div>\n<div><img fetchpriority=\"high\" decoding=\"async\" class=\"aligncenter wp-image-10516 size-large\" src=\"https:\/\/ikaivans.com\/wp-content\/uploads\/ICONOS-I74QB-DATOS-TECNICOS-1024x125.png\" alt=\"\" width=\"1024\" height=\"125\" srcset=\"https:\/\/ikaivans.com\/wp-content\/uploads\/ICONOS-I74QB-DATOS-TECNICOS-1024x125.png 1024w, https:\/\/ikaivans.com\/wp-content\/uploads\/ICONOS-I74QB-DATOS-TECNICOS-300x37.png 300w, https:\/\/ikaivans.com\/wp-content\/uploads\/ICONOS-I74QB-DATOS-TECNICOS-768x94.png 768w, https:\/\/ikaivans.com\/wp-content\/uploads\/ICONOS-I74QB-DATOS-TECNICOS-1536x188.png 1536w, https:\/\/ikaivans.com\/wp-content\/uploads\/ICONOS-I74QB-DATOS-TECNICOS-600x73.png 600w, https:\/\/ikaivans.com\/wp-content\/uploads\/ICONOS-I74QB-DATOS-TECNICOS.png 1903w\" sizes=\"(max-width: 1024px) 100vw, 1024px\" \/><\/div>\n<div>\n<div>\n<div>\n<p><strong>Exterior:<\/strong><\/p>\n<\/div>\n<ul>\n<li>Vinilos de calidad Top (made EU) en colores grafito y burdeos<\/li>\n<li>Exclusivo dise\u00f1o exterior m\u00e1s aerodin\u00e1mico<\/li>\n<li>Innovador techo antigranizo con forma exclusiva ILUSION<\/li>\n<li>Innovadora construcci\u00f3n redondeada que mejora externamente la aerodin\u00e1mica e internamente limita el punto t\u00e9rmico en la uni\u00f3n entre techo y laterales<\/li>\n<li>Luces traseras LED de dise\u00f1o innovador y \u00fanico ILUSION, de gran tama\u00f1o para facilitar la visibilidad nocturna<\/li>\n<li>Gran \u00e1ngulo de visi\u00f3n desde el puesto de conducci\u00f3n gracias a las grandes dimensiones de la luna frontal<\/li>\n<li>Grandes espejos retrovisores<\/li>\n<\/ul>\n<\/div>\n<div>\n<p><strong>Interior:<\/strong><\/p>\n<\/div>\n<ul>\n<li>Dise\u00f1o atemporal y muy elegante<\/li>\n<li>Espacio interior de gran amplitud<\/li>\n<li>Dise\u00f1o de mobiliario en madera de color roble claro y puertas en madera con un detalle de aluminio, combinadas con la tapicer\u00eda Sand (tonos crema)<br \/>\nSuelo y escal\u00f3n de acceso iluminados con luz Led<\/li>\n<li>Luces LED indirectas en el suelo para una mejor visi\u00f3n nocturna<\/li>\n<li>Varias tomas de corriente (220V) y USB distribuidas por todo el espacio<\/li>\n<li>Alfombrilla de acceso en puerta de entrada con el logo personalizada<\/li>\n<\/ul>\n<\/div>\n<div>\n<p><strong>Comedor:<\/strong><\/p>\n<\/div>\n<ul>\n<li>Amplio comedor con asientos de cabina giratorios y mesa de KRION\u00ae deslizable 360\u00ba y regulable en altura mediante un pedal<\/li>\n<\/ul>\n<div>\n<p><strong>Cocina:<\/strong><\/p>\n<\/div>\n<ul>\n<li>Cocina espaciosa con materiales de gran calidad. Encimera en KRION\u00ae y grifo met\u00e1lico<\/li>\n<li>Cajones con gu\u00edas met\u00e1licas invisibles de extracci\u00f3n total y sistema de cierre amortiguado<\/li>\n<li>Elegante placa de cocci\u00f3n cuadrada empotrada con tres fuegos y tapa de vidrio templado negro con bisagras ocultas, permitiendo ampliar el espacio de uso de la encimera cuando est\u00e1 cerrada<\/li>\n<li>Frigor\u00edfico de absorci\u00f3n, de alta gama, de \u00faltima generaci\u00f3n Slim Tower 144L, con apertura en ambos sentidos, con iluminaci\u00f3n interior led, control del termostato AES y con panel de control TFT<\/li>\n<\/ul>\n<div>\n<p><strong>Ba\u00f1o:<\/strong><\/p>\n<\/div>\n<ul>\n<li>Ducha separada y de gran altura (2m), un nuevo dise\u00f1o moderno con retroiluminaci\u00f3n LED y columna en color negro. Iluminaci\u00f3n natural y artificial indirecta. Acabado de alta gama.<\/li>\n<li>Amplio espacio de ba\u00f1o con iluminaci\u00f3n ambiental y selectiva<\/li>\n<li>Nuevo altillo de ba\u00f1o con espejos de l\u00ednea m\u00e1s n\u00f3rdica y funcional y con luz indirecta<\/li>\n<li>Encimera de KRION\u00ae (mineral compacto muy resistente y de alta calidad)<\/li>\n<li>Inodoro con revestimiento cer\u00e1mico, giratorio.<\/li>\n<\/ul>\n<div>\n<p><strong>Dormitorio:<\/strong><\/p>\n<\/div>\n<ul>\n<li>Colchones c\u00f3modos de alta densidad anat\u00f3micos e hipoalerg\u00e9nicos<\/li>\n<li>Dormitorio luminoso con una gran cama de matrimonio en isla.<\/li>\n<li>Gran capacidad de almacenaje tanto bajo la cama, como en los armarios superiores.<\/li>\n<li>Puerta separadora entre dormitorio y cocina.<\/li>\n<\/ul>\n<div>\n<p><strong>Garaje:<\/strong><\/p>\n<\/div>\n<ul>\n<li>Garaje de aluminio de grandes dimensiones con anclajes para sujeci\u00f3n de la carga, iluminaci\u00f3n y tomas de corriente<\/li>\n<li>Espacioso y accesible desde ambos lados<\/li>\n<li>Doble cerradura de alta gama en portones garaje<\/li>\n<li>Port\u00f3n del garaje con cierre Deluxe<\/li>\n<li>Dos portones de serie de igual tama\u00f1o en garaje (lado izquierdo y derecho)<\/li>\n<\/ul>\n<div>\n<p>IVA, Transporte, IEDMT (14,75%) y matriculaci\u00f3n incluidos.<\/p>\n<\/div>\n<div>\n<p>IEl IEMDT es deducible con minusval\u00eda superior al 33% o con familia numerosa.<\/p>\n<\/div>\n","protected":false},"excerpt":{"rendered":"<p>llusion i-lux l74QB, Elegante autocaravana integral, un lujo accesible para descubrir lugares inolvidables. Con una gran cama de matrimonio en la parte posterior, la Ilux I74QB destaca por sus ambientes amplios y acogedores, con una mezcla de materiales de alta calidad y dise\u00f1o moderno en tonos naturales y coordinados que invitan a disfrutar de cada [&hellip;]<\/p>\n","protected":false},"featured_media":11966,"comment_status":"open","ping_status":"closed","template":"","meta":{"_acf_changed":false,"_joinchat":[]},"product_brand":[],"product_cat":[350],"product_tag":[],"class_list":{"0":"post-10593","1":"product","2":"type-product","3":"status-publish","4":"has-post-thumbnail","6":"product_cat-ilux-en","8":"first","9":"outofstock","10":"taxable","11":"shipping-taxable","12":"product-type-simple"},"acf":[],"_links":{"self":[{"href":"https:\/\/ikaivans.com\/en\/wp-json\/wp\/v2\/product\/10593","targetHints":{"allow":["GET"]}}],"collection":[{"href":"https:\/\/ikaivans.com\/en\/wp-json\/wp\/v2\/product"}],"about":[{"href":"https:\/\/ikaivans.com\/en\/wp-json\/wp\/v2\/types\/product"}],"replies":[{"embeddable":true,"href":"https:\/\/ikaivans.com\/en\/wp-json\/wp\/v2\/comments?post=10593"}],"version-history":[{"count":4,"href":"https:\/\/ikaivans.com\/en\/wp-json\/wp\/v2\/product\/10593\/revisions"}],"predecessor-version":[{"id":11987,"href":"https:\/\/ikaivans.com\/en\/wp-json\/wp\/v2\/product\/10593\/revisions\/11987"}],"wp:featuredmedia":[{"embeddable":true,"href":"https:\/\/ikaivans.com\/en\/wp-json\/wp\/v2\/media\/11966"}],"wp:attachment":[{"href":"https:\/\/ikaivans.com\/en\/wp-json\/wp\/v2\/media?parent=10593"}],"wp:term":[{"taxonomy":"product_brand","embeddable":true,"href":"https:\/\/ikaivans.com\/en\/wp-json\/wp\/v2\/product_brand?post=10593"},{"taxonomy":"product_cat","embeddable":true,"href":"https:\/\/ikaivans.com\/en\/wp-json\/wp\/v2\/product_cat?post=10593"},{"taxonomy":"product_tag","embeddable":true,"href":"https:\/\/ikaivans.com\/en\/wp-json\/wp\/v2\/product_tag?post=10593"}],"curies":[{"name":"wp","href":"https:\/\/api.w.org\/{rel}","templated":true}]}}