{"id":10349,"date":"2024-04-12T13:30:59","date_gmt":"2024-04-12T11:30:59","guid":{"rendered":"https:\/\/ikaivans.com\/producto\/ilusion-xmk-650-h-plus-premium-autocaravana\/"},"modified":"2024-05-17T17:25:28","modified_gmt":"2024-05-17T15:25:28","slug":"ilusion-xmk-650-h-plus-premium-autocaravana","status":"publish","type":"product","link":"https:\/\/ikaivans.com\/en\/producto\/ilusion-xmk-650-h-plus-premium-autocaravana\/","title":{"rendered":"XMK650 H PLUS PREMIUM"},"content":{"rendered":"<div>\n<p><strong>Autocaravana Ilusion XMK 650 H Plus,\u00a0<\/strong>la autocaravana perfilada de la marca Ilusion con una distribuci\u00f3n de semi-integral que dispone de un gran\u00a0<strong>sal\u00f3n en U,\u00a0<\/strong>un frigor\u00edfico de 140 litros y un\u00a0<strong>mueble bar<\/strong>\u00a0situado detr\u00e1s del asiento del copiloto, configurando un espacio lujoso y amplio en tan solo 6,8 metros.<\/p>\n<p>&nbsp;<\/p>\n<\/div>\n<div><img fetchpriority=\"high\" decoding=\"async\" class=\"wp-image-10318 size-large aligncenter\" src=\"https:\/\/ikaivans.com\/wp-content\/uploads\/ICONOS-650PLUS-H-PREMIUM-DATOS-TECNICOS-1024x125.png\" alt=\"\" width=\"1024\" height=\"125\" srcset=\"https:\/\/ikaivans.com\/wp-content\/uploads\/ICONOS-650PLUS-H-PREMIUM-DATOS-TECNICOS-1024x125.png 1024w, https:\/\/ikaivans.com\/wp-content\/uploads\/ICONOS-650PLUS-H-PREMIUM-DATOS-TECNICOS-300x37.png 300w, https:\/\/ikaivans.com\/wp-content\/uploads\/ICONOS-650PLUS-H-PREMIUM-DATOS-TECNICOS-768x94.png 768w, https:\/\/ikaivans.com\/wp-content\/uploads\/ICONOS-650PLUS-H-PREMIUM-DATOS-TECNICOS-1536x188.png 1536w, https:\/\/ikaivans.com\/wp-content\/uploads\/ICONOS-650PLUS-H-PREMIUM-DATOS-TECNICOS-600x73.png 600w, https:\/\/ikaivans.com\/wp-content\/uploads\/ICONOS-650PLUS-H-PREMIUM-DATOS-TECNICOS.png 1903w\" sizes=\"(max-width: 1024px) 100vw, 1024px\" \/><\/div>\n<div><\/div>\n<div>\n<ul>\n<li>Garant\u00eda:\u00a03 a\u00f1os de garant\u00eda del veh\u00edculo y\u00a0<strong>5 a\u00f1os de garant\u00eda<\/strong>\u00a0frente a estanqueidad<\/li>\n<li>Gran\u00a0<strong>sal\u00f3n comedor<\/strong>\u00a0trasero en<strong>\u00a0forma de U<\/strong>\u00a0y sal\u00f3n delantero con asientos de cabina giratorios y mesa deslizante con regulaci\u00f3n en altura<\/li>\n<li><strong>4 +1 asientos<\/strong>\u00a0homologados y\u00a0<strong>3 + 2 plazas para dormir<\/strong>. Se puede incorporar una 5\u00ba plaza en opci\u00f3n\u00a0 y una<strong>\u00a0cama abatible el\u00e9ctricamente H<\/strong> en la parte delantera<\/li>\n<li>El veh\u00edculo tiene una\u00a0<strong>cama abatible el\u00e9ctricamente H<\/strong>\u00a0sobre el sal\u00f3n y\u00a0<strong>sal\u00f3n transformable<\/strong>\u00a0en cama doble<\/li>\n<li><strong>Opcional recomendable:<\/strong>\u00a0\u00a0<strong>fundas de cabina <\/strong>+\u00a0<strong>ventana trasera<\/strong> de sal\u00f3n + cama el\u00e9ctrica <strong>m\u00e1s baja <\/strong>+\u00a0<strong>cama abatible el\u00e9ctricamente H<\/strong> en la parte delantera<\/li>\n<li>Garaje de f\u00e1cil acceso desde ambos lados. Arcones de alta capacidad en la parte trasera.<\/li>\n<li><strong>Financiaci\u00f3n Especial<\/strong>: Consultar condiciones de financiaci\u00f3n<\/li>\n<\/ul>\n<div>\n<p>&nbsp;<\/p>\n<p>IVA, Transporte, IEDMT (14,75%) y matriculaci\u00f3n incluidos.<\/p>\n<\/div>\n<div>\n<p>IEl IEMDT es deducible con minusval\u00eda superior al 33% o con familia numerosa.<\/p>\n<\/div>\n<div><strong>DIMENSIONES CAMAS:<\/strong><\/div>\n<ul>\n<li>Cama trasera elevable el\u00e9ctrica de serie sobre sal\u00f3n en U de 200 x 135 cm sobre sal\u00f3n en U<\/li>\n<li>Cama delantera elevable el\u00e9ctrica en opci\u00f3n de 200 x 120 cm con opci\u00f3n extensi\u00f3n de cama +25cm.<\/li>\n<\/ul>\n<\/div>\n","protected":false},"excerpt":{"rendered":"<p>Autocaravana Ilusion XMK 650 H Plus,\u00a0la autocaravana perfilada de la marca Ilusion con una distribuci\u00f3n de semi-integral que dispone de un gran\u00a0sal\u00f3n en U,\u00a0un frigor\u00edfico de 140 litros y un\u00a0mueble bar\u00a0situado detr\u00e1s del asiento del copiloto, configurando un espacio lujoso y amplio en tan solo 6,8 metros. &nbsp; Garant\u00eda:\u00a03 a\u00f1os de garant\u00eda del veh\u00edculo y\u00a05 [&hellip;]<\/p>\n","protected":false},"featured_media":11648,"comment_status":"open","ping_status":"closed","template":"","meta":{"_acf_changed":false,"_joinchat":[]},"product_brand":[],"product_cat":[340,358],"product_tag":[],"class_list":{"0":"post-10349","1":"product","2":"type-product","3":"status-publish","4":"has-post-thumbnail","6":"product_cat-ilusion-xmk-premium-en","7":"product_cat-autocaravanas-perfiladas-en","9":"first","10":"instock","11":"taxable","12":"shipping-taxable","13":"purchasable","14":"product-type-simple"},"acf":[],"_links":{"self":[{"href":"https:\/\/ikaivans.com\/en\/wp-json\/wp\/v2\/product\/10349","targetHints":{"allow":["GET"]}}],"collection":[{"href":"https:\/\/ikaivans.com\/en\/wp-json\/wp\/v2\/product"}],"about":[{"href":"https:\/\/ikaivans.com\/en\/wp-json\/wp\/v2\/types\/product"}],"replies":[{"embeddable":true,"href":"https:\/\/ikaivans.com\/en\/wp-json\/wp\/v2\/comments?post=10349"}],"version-history":[{"count":4,"href":"https:\/\/ikaivans.com\/en\/wp-json\/wp\/v2\/product\/10349\/revisions"}],"predecessor-version":[{"id":11677,"href":"https:\/\/ikaivans.com\/en\/wp-json\/wp\/v2\/product\/10349\/revisions\/11677"}],"wp:featuredmedia":[{"embeddable":true,"href":"https:\/\/ikaivans.com\/en\/wp-json\/wp\/v2\/media\/11648"}],"wp:attachment":[{"href":"https:\/\/ikaivans.com\/en\/wp-json\/wp\/v2\/media?parent=10349"}],"wp:term":[{"taxonomy":"product_brand","embeddable":true,"href":"https:\/\/ikaivans.com\/en\/wp-json\/wp\/v2\/product_brand?post=10349"},{"taxonomy":"product_cat","embeddable":true,"href":"https:\/\/ikaivans.com\/en\/wp-json\/wp\/v2\/product_cat?post=10349"},{"taxonomy":"product_tag","embeddable":true,"href":"https:\/\/ikaivans.com\/en\/wp-json\/wp\/v2\/product_tag?post=10349"}],"curies":[{"name":"wp","href":"https:\/\/api.w.org\/{rel}","templated":true}]}}