{"id":10257,"date":"2024-04-12T13:05:16","date_gmt":"2024-04-12T11:05:16","guid":{"rendered":"https:\/\/ikaivans.com\/producto\/ilusion-xmk-590ff-h-premium-autocaravana\/"},"modified":"2024-05-07T18:30:43","modified_gmt":"2024-05-07T16:30:43","slug":"ilusion-xmk-590ff-h-premium-autocaravana","status":"publish","type":"product","link":"https:\/\/ikaivans.com\/en\/producto\/ilusion-xmk-590ff-h-premium-autocaravana\/","title":{"rendered":"XMK590FF H PREMIUM"},"content":{"rendered":"<div>\n<p><strong>Autocaravana Ilusion XMK 590 FFH Premium,\u00a0<\/strong>la autocaravana perfilada m\u00e1s peque\u00f1a, compacta y rutera de la marca Ilusion con una distribuci\u00f3n \u00fanica a trav\u00e9s de su amplio sal\u00f3n en U que se convierte en un gran comedor face to face. Una autocaravana con una distribuci\u00f3n 2 x 1 \u00fanica en el mercado.<\/p>\n<p>&nbsp;<\/p>\n<\/div>\n<div><img fetchpriority=\"high\" decoding=\"async\" class=\"wp-image-10245 size-large aligncenter\" src=\"https:\/\/ikaivans.com\/wp-content\/uploads\/ICONOS-590FF-H-PREMIUM-DATOS-TECNICOS-1024x125.png\" alt=\"\" width=\"1024\" height=\"125\" srcset=\"https:\/\/ikaivans.com\/wp-content\/uploads\/ICONOS-590FF-H-PREMIUM-DATOS-TECNICOS-1024x125.png 1024w, https:\/\/ikaivans.com\/wp-content\/uploads\/ICONOS-590FF-H-PREMIUM-DATOS-TECNICOS-300x37.png 300w, https:\/\/ikaivans.com\/wp-content\/uploads\/ICONOS-590FF-H-PREMIUM-DATOS-TECNICOS-768x94.png 768w, https:\/\/ikaivans.com\/wp-content\/uploads\/ICONOS-590FF-H-PREMIUM-DATOS-TECNICOS-1536x188.png 1536w, https:\/\/ikaivans.com\/wp-content\/uploads\/ICONOS-590FF-H-PREMIUM-DATOS-TECNICOS-600x73.png 600w, https:\/\/ikaivans.com\/wp-content\/uploads\/ICONOS-590FF-H-PREMIUM-DATOS-TECNICOS.png 1903w\" sizes=\"(max-width: 1024px) 100vw, 1024px\" \/><\/div>\n<div><\/div>\n<div>\n<ul>\n<li>Garant\u00eda:\u00a03 a\u00f1os de garant\u00eda del veh\u00edculo y\u00a0<strong>5 a\u00f1os de garant\u00eda<\/strong>\u00a0frente a estanqueidad<\/li>\n<li><strong>2 asientos<\/strong>\u00a0homologados y\u00a0<strong>4 plazas para dormir<\/strong>. El veh\u00edculo tiene\u00a0<strong>camas abatibles el\u00e9ctricamente<\/strong>\u00a0y posibilidad de convertir el sal\u00f3n en\u00a0<strong>cama doble <\/strong>en la parte trasera.<\/li>\n<li>Garaje de f\u00e1cil acceso desde ambos lados con 2 posiciones: 56 x 62 x 220 cm con el interior en sal\u00f3n en U y 113 x 67 x220 cm con el comedor en posici\u00f3n face to face.<\/li>\n<li><strong>Opcional recomendable:<\/strong>\u00a0\u00a0<strong>fundas de cabina <\/strong>+\u00a0<strong>ventana trasera<\/strong> de sal\u00f3n + cama el\u00e9ctrica\u00a0<strong>m\u00e1s baja<\/strong><\/li>\n<li><strong>Financiaci\u00f3n Especial<\/strong>: Consultar condiciones<\/li>\n<\/ul>\n<div>\n<p>&nbsp;<\/p>\n<p>IVA, Transporte, IEDMT (14,75%) y matriculaci\u00f3n incluidos.<\/p>\n<\/div>\n<div>\n<p>IEl IEMDT es deducible con minusval\u00eda superior al 33% o con familia numerosa.<\/p>\n<p><strong>DIMENSIONES CAMAS:<\/strong><\/p>\n<p>Camas el\u00e9ctricas elevables traseras de f\u00e1cil acceso (85 mm de altura desde el suelo a la cama):<\/p>\n<ul>\n<li>Cama derecha: 190 x 100 cm<\/li>\n<li>Cama izquierda: 180 x 100 cm<\/li>\n<li><strong>Opcional:<\/strong> Cama transformable en zona comedor en la parte trasera 183 x 220 cm.<\/li>\n<\/ul>\n<\/div>\n<\/div>\n","protected":false},"excerpt":{"rendered":"<p>Autocaravana Ilusion XMK 590 FFH Premium,\u00a0la autocaravana perfilada m\u00e1s peque\u00f1a, compacta y rutera de la marca Ilusion con una distribuci\u00f3n \u00fanica a trav\u00e9s de su amplio sal\u00f3n en U que se convierte en un gran comedor face to face. Una autocaravana con una distribuci\u00f3n 2 x 1 \u00fanica en el mercado. &nbsp; Garant\u00eda:\u00a03 a\u00f1os de [&hellip;]<\/p>\n","protected":false},"featured_media":11536,"comment_status":"open","ping_status":"closed","template":"","meta":{"_acf_changed":false,"_joinchat":[]},"product_brand":[],"product_cat":[340,358],"product_tag":[],"class_list":{"0":"post-10257","1":"product","2":"type-product","3":"status-publish","4":"has-post-thumbnail","6":"product_cat-ilusion-xmk-premium-en","7":"product_cat-autocaravanas-perfiladas-en","9":"first","10":"instock","11":"taxable","12":"shipping-taxable","13":"purchasable","14":"product-type-simple"},"acf":[],"_links":{"self":[{"href":"https:\/\/ikaivans.com\/en\/wp-json\/wp\/v2\/product\/10257","targetHints":{"allow":["GET"]}}],"collection":[{"href":"https:\/\/ikaivans.com\/en\/wp-json\/wp\/v2\/product"}],"about":[{"href":"https:\/\/ikaivans.com\/en\/wp-json\/wp\/v2\/types\/product"}],"replies":[{"embeddable":true,"href":"https:\/\/ikaivans.com\/en\/wp-json\/wp\/v2\/comments?post=10257"}],"version-history":[{"count":4,"href":"https:\/\/ikaivans.com\/en\/wp-json\/wp\/v2\/product\/10257\/revisions"}],"predecessor-version":[{"id":11563,"href":"https:\/\/ikaivans.com\/en\/wp-json\/wp\/v2\/product\/10257\/revisions\/11563"}],"wp:featuredmedia":[{"embeddable":true,"href":"https:\/\/ikaivans.com\/en\/wp-json\/wp\/v2\/media\/11536"}],"wp:attachment":[{"href":"https:\/\/ikaivans.com\/en\/wp-json\/wp\/v2\/media?parent=10257"}],"wp:term":[{"taxonomy":"product_brand","embeddable":true,"href":"https:\/\/ikaivans.com\/en\/wp-json\/wp\/v2\/product_brand?post=10257"},{"taxonomy":"product_cat","embeddable":true,"href":"https:\/\/ikaivans.com\/en\/wp-json\/wp\/v2\/product_cat?post=10257"},{"taxonomy":"product_tag","embeddable":true,"href":"https:\/\/ikaivans.com\/en\/wp-json\/wp\/v2\/product_tag?post=10257"}],"curies":[{"name":"wp","href":"https:\/\/api.w.org\/{rel}","templated":true}]}}