{"id":10030,"date":"2024-04-12T11:32:31","date_gmt":"2024-04-12T09:32:31","guid":{"rendered":"https:\/\/ikaivans.com\/producto\/ilusion-xmk-690-premium-autocaravana\/"},"modified":"2024-05-08T11:52:08","modified_gmt":"2024-05-08T09:52:08","slug":"ilusion-xmk-690-premium-autocaravana","status":"publish","type":"product","link":"https:\/\/ikaivans.com\/en\/producto\/ilusion-xmk-690-premium-autocaravana\/","title":{"rendered":"XMK690 PREMIUM"},"content":{"rendered":"<div>\n<p>La<strong>\u00a0Ilusion XMK 690 Premium\u00a0<\/strong>es la autocaravana compacta de Ilusion con camas gemelas, ba\u00f1o grande y posibilidad de hasta 5 plazas en un ambiente cuidado y lujoso.<\/p>\n<p>&nbsp;<\/p>\n<\/div>\n<div><img fetchpriority=\"high\" decoding=\"async\" class=\"aligncenter wp-image-9998 size-large\" src=\"\/wp-content\/uploads\/ICONOS-690-PREMIUM-DATOS-TECNICOS.png\" alt=\"\" width=\"1024\" height=\"125\" \/><\/div>\n<div><\/div>\n<div>\n<ul>\n<li>Garant\u00eda:\u00a03 a\u00f1os de garant\u00eda del veh\u00edculo y\u00a0<strong>5 a\u00f1os de garant\u00eda<\/strong>\u00a0frente a estanqueidad<\/li>\n<li><strong>4 + 1 asientos<\/strong>\u00a0homologados y\u00a0<strong>3 + 2 plazas para dormir<\/strong>. El veh\u00edculo tiene camas gemelas en la parte trasera.<\/li>\n<li><strong>Opcional recomendable:<\/strong>\u00a0<strong>5\u00ba plaza<\/strong> para viajar +\u00a0<strong>fundas de cabina <\/strong>\u00a0+\u00a0<strong>cama doble abatible el\u00e9ctrica<\/strong> en la parte delantera +\u00a0<strong>Kit cama grande<\/strong> en las camas gemelas<\/li>\n<li><strong>Opcional recomendable:<\/strong>\u00a0 <strong>oscurecedores en cabina<\/strong>\u00a0+ <strong>puerta de entrada premium<\/strong>\u00a0+ <strong><strong>luz de avance exterior<\/strong><\/strong><\/li>\n<li>Garaje de grandes dimensiones con doble port\u00f3n (con capacidad para motos peque\u00f1as)<\/li>\n<li><strong>\u00a0Financiaci\u00f3n Especial<\/strong>: Consultar condiciones<\/li>\n<\/ul>\n<div>\n<p>&nbsp;<\/p>\n<p>IVA, Transporte, IEDMT (14,75%) y matriculaci\u00f3n incluidos.<\/p>\n<\/div>\n<div>\n<p>IEl IEMDT es deducible con minusval\u00eda superior al 33% o con familia numerosa.<\/p>\n<div><strong>DIMENSIONES CAMAS:<\/strong><\/div>\n<p>Camas individuales gemelas en la parte trasera:<\/p>\n<ul>\n<li>Cama trasera izda de 194 x 81 cm<\/li>\n<li>Cama trasera derecha de 184 x 81 cm<\/li>\n<li>Opcional: cama delantera elevable el\u00e9ctrica de 200 x 120 cm con opci\u00f3n extensi\u00f3n de cama +25cm<\/li>\n<li>Opcional: kit de transformaci\u00f3n de camas individuales a cama doble de 210 x 190 cm<\/li>\n<\/ul>\n<\/div>\n<\/div>\n","protected":false},"excerpt":{"rendered":"<p>La\u00a0Ilusion XMK 690 Premium\u00a0es la autocaravana compacta de Ilusion con camas gemelas, ba\u00f1o grande y posibilidad de hasta 5 plazas en un ambiente cuidado y lujoso. &nbsp; Garant\u00eda:\u00a03 a\u00f1os de garant\u00eda del veh\u00edculo y\u00a05 a\u00f1os de garant\u00eda\u00a0frente a estanqueidad 4 + 1 asientos\u00a0homologados y\u00a03 + 2 plazas para dormir. El veh\u00edculo tiene camas gemelas en [&hellip;]<\/p>\n","protected":false},"featured_media":11701,"comment_status":"open","ping_status":"closed","template":"","meta":{"_acf_changed":false,"_joinchat":[]},"product_brand":[],"product_cat":[340,358],"product_tag":[],"class_list":{"0":"post-10030","1":"product","2":"type-product","3":"status-publish","4":"has-post-thumbnail","6":"product_cat-ilusion-xmk-premium-en","7":"product_cat-autocaravanas-perfiladas-en","9":"first","10":"instock","11":"taxable","12":"shipping-taxable","13":"purchasable","14":"product-type-simple"},"acf":[],"_links":{"self":[{"href":"https:\/\/ikaivans.com\/en\/wp-json\/wp\/v2\/product\/10030","targetHints":{"allow":["GET"]}}],"collection":[{"href":"https:\/\/ikaivans.com\/en\/wp-json\/wp\/v2\/product"}],"about":[{"href":"https:\/\/ikaivans.com\/en\/wp-json\/wp\/v2\/types\/product"}],"replies":[{"embeddable":true,"href":"https:\/\/ikaivans.com\/en\/wp-json\/wp\/v2\/comments?post=10030"}],"version-history":[{"count":5,"href":"https:\/\/ikaivans.com\/en\/wp-json\/wp\/v2\/product\/10030\/revisions"}],"predecessor-version":[{"id":11720,"href":"https:\/\/ikaivans.com\/en\/wp-json\/wp\/v2\/product\/10030\/revisions\/11720"}],"wp:featuredmedia":[{"embeddable":true,"href":"https:\/\/ikaivans.com\/en\/wp-json\/wp\/v2\/media\/11701"}],"wp:attachment":[{"href":"https:\/\/ikaivans.com\/en\/wp-json\/wp\/v2\/media?parent=10030"}],"wp:term":[{"taxonomy":"product_brand","embeddable":true,"href":"https:\/\/ikaivans.com\/en\/wp-json\/wp\/v2\/product_brand?post=10030"},{"taxonomy":"product_cat","embeddable":true,"href":"https:\/\/ikaivans.com\/en\/wp-json\/wp\/v2\/product_cat?post=10030"},{"taxonomy":"product_tag","embeddable":true,"href":"https:\/\/ikaivans.com\/en\/wp-json\/wp\/v2\/product_tag?post=10030"}],"curies":[{"name":"wp","href":"https:\/\/api.w.org\/{rel}","templated":true}]}}