{"id":12810,"date":"2024-08-14T13:50:15","date_gmt":"2024-08-14T11:50:15","guid":{"rendered":"https:\/\/ikaivans.com\/?page_id=12810"},"modified":"2024-08-14T13:50:20","modified_gmt":"2024-08-14T11:50:20","slug":"mieten-eines-wohnmobils-in-euskadi-und-dem-baskenland","status":"publish","type":"page","link":"https:\/\/ikaivans.com\/en\/mieten-eines-wohnmobils-in-euskadi-und-dem-baskenland\/","title":{"rendered":"Mieten eines Wohnmobils in Euskadi und dem Baskenland"},"content":{"rendered":"\n<p>Wenn Sie noch nie Caravaning ausprobiert haben, wissen Sie nicht, was Sie verpassen. Wir sprechen von einer Lebensweise, die es Ihnen erm\u00f6glicht, \u00fcberall auf der Welt praktisch ohne Grenzen zu reisen. Mietwohnmobilreisen ab Euskadi und dem Baskenland werden immer h\u00e4ufiger, da viele Menschen in dieser Urlaubsform eine M\u00f6glichkeit gefunden haben, dem Alltag zu entfliehen.<\/p>\n\n\n\n<p>Was uns betrifft, so sind wir IKAI VANS, ein Unternehmen, das Wohnmobile in Euskadi und dem Baskenland vermietet, mit Kunden aus ganz Spanien. Wir arbeiten seit vielen Jahren daran, die Buchung eines Mietwohnmobils so einfach wie m\u00f6glich zu gestalten, damit Sie keine Zeit verschwenden. Kontaktieren Sie uns jetzt (info@ikaivans.com oder +34 943 09 81 32) und vereinbaren Sie einen Termin ohne Verpflichtung, um uns in unseren Einrichtungen in Andoain (Balastrain, Matxinea 4, Pavillon 9, 20140) zu besuchen. Wir haben eine gro\u00dfe Auswahl an Mietwohnmobilen f\u00fcr Sie, und wenn Sie pers\u00f6nlich vorbeikommen, begleiten wir Sie auf einer Tour durch die Ausstellung.<\/p>\n\n\n\n<p>Unsere Wohnmobilflotte bei IKAI VANS besteht aus praktisch neuen Fahrzeugen, die alles inklusive und von Top-Marken sind. Das Beste daran ist, dass Sie ein Wohnmobil ausw\u00e4hlen k\u00f6nnen, das Ihren Bed\u00fcrfnissen entspricht, da eine gro\u00dfe Anzahl von Layouts verf\u00fcgbar ist. Sicherheit, einfache Handhabung und Komfort der Ausstattung sind mehr als garantierte Elemente. Kurz gesagt, w\u00e4hlen Sie Freiheit, w\u00e4hlen Sie Aufregung, w\u00e4hlen Sie uns.<\/p>\n\n\n\n<h2 class=\"wp-block-heading\">Reisen mit Mietwohnmobilen aus Euskadi um die Welt<\/h2>\n\n\n\n<p>Die Experten von IKAI VANS passen sich Ihren Bed\u00fcrfnissen an, und auf unserer Website k\u00f6nnen Sie \u00fcberpr\u00fcfen, welche Modelle von Wohnmobilen und Mietm\u00f6glichkeiten wir zur Verf\u00fcgung haben. Es sind Fahrzeuge mit maximal 6 Sitzpl\u00e4tzen und Kapazit\u00e4t f\u00fcr 1, 2, 3, 4, 5 oder 6 Personen. Erleben Sie mit uns die kompletteste Wohnmobilvermietung, mit M\u00f6beln von h\u00f6chster Qualit\u00e4t. Die Grundausstattung eines Wohnmobils besteht aus Schlafzimmern (mit einem oder mehreren Betten), K\u00fcche mit Herdplatten, K\u00fchlschrank und Arbeitsplatte, Wohnzimmer und Badezimmer mit Dusche und Toilette. Wir haben jedoch auch andere, vollst\u00e4ndigere Modelle mit interessanten Extras und Zubeh\u00f6r.<\/p>\n\n\n\n<p>Genie\u00dfen Sie mit Ihren Lieben, brechen Sie aus der Routine aus und erleben Sie jeden Sonnenaufgang in echten H\u00e4usern auf R\u00e4dern, mit umfassender Versicherung und 24\/7 Pannenhilfe. Bei uns haben Sie Parkservice, Flughafenabholung, auf Anfrage Wi-Fi und andere Features, die unseren Wohnmobilvermietungsservice im Baskenland zur lohnendsten Erfahrung machen.<\/p>\n\n\n\n<p>Au\u00dferdem haben wir einen Werkstattservice und offiziellen Dometic-Service, Aragon-Kupplungen, Towcar und Viesa\/Eurocolven und arbeiten mit Marken und Herstellern mit umfangreicher Erfahrung im Caravaning-Sektor: Ilusion Caravaning, Sunlight, Dethleff oder Challenger, unter anderem.<\/p>\n\n\n\n<h2 class=\"wp-block-heading\">Mieten eines Wohnmobils im Baskenland zum besten Preis mit IKAI VANS<\/h2>\n\n\n\n<p>Vom Moment der Kontaktaufnahme mit IKAI VANS bis zum Abschluss des Mietvorgangs eines Wohnmobils stehen Sie in Kontakt mit dem besten Kundenserviceteam. Wir sind Caravaning-Experten und garantieren Ihnen die besten Preise f\u00fcr Wohnmobilvermietungen in Euskadi und dem Baskenland. \u00dcberpr\u00fcfen Sie die Tarife auf unserer Website oder kommen Sie zu unseren Einrichtungen in Andoain, damit einer von uns ein personalisiertes Angebot f\u00fcr Sie OHNE Verpflichtung erstellen kann.<\/p>\n","protected":false},"excerpt":{"rendered":"<p>Wenn Sie noch nie Caravaning ausprobiert haben, wissen Sie nicht, was Sie verpassen. Wir sprechen von einer Lebensweise, die es Ihnen erm\u00f6glicht, \u00fcberall auf der Welt praktisch ohne Grenzen zu reisen. Mietwohnmobilreisen ab Euskadi und dem Baskenland werden immer h\u00e4ufiger, da viele Menschen in dieser Urlaubsform eine M\u00f6glichkeit gefunden haben, dem Alltag zu entfliehen. Was [&hellip;]<\/p>\n","protected":false},"author":7,"featured_media":0,"parent":0,"menu_order":0,"comment_status":"closed","ping_status":"closed","template":"","meta":{"_acf_changed":false,"_joinchat":[],"footnotes":""},"class_list":["post-12810","page","type-page","status-publish","hentry"],"acf":[],"_links":{"self":[{"href":"https:\/\/ikaivans.com\/en\/wp-json\/wp\/v2\/pages\/12810","targetHints":{"allow":["GET"]}}],"collection":[{"href":"https:\/\/ikaivans.com\/en\/wp-json\/wp\/v2\/pages"}],"about":[{"href":"https:\/\/ikaivans.com\/en\/wp-json\/wp\/v2\/types\/page"}],"author":[{"embeddable":true,"href":"https:\/\/ikaivans.com\/en\/wp-json\/wp\/v2\/users\/7"}],"replies":[{"embeddable":true,"href":"https:\/\/ikaivans.com\/en\/wp-json\/wp\/v2\/comments?post=12810"}],"version-history":[{"count":1,"href":"https:\/\/ikaivans.com\/en\/wp-json\/wp\/v2\/pages\/12810\/revisions"}],"predecessor-version":[{"id":12811,"href":"https:\/\/ikaivans.com\/en\/wp-json\/wp\/v2\/pages\/12810\/revisions\/12811"}],"wp:attachment":[{"href":"https:\/\/ikaivans.com\/en\/wp-json\/wp\/v2\/media?parent=12810"}],"curies":[{"name":"wp","href":"https:\/\/api.w.org\/{rel}","templated":true}]}}